{"id":1982,"date":"2024-01-25T10:13:38","date_gmt":"2024-01-25T10:13:38","guid":{"rendered":"https:\/\/matsail.com.pl\/?page_id=1982"},"modified":"2024-08-26T08:04:01","modified_gmt":"2024-08-26T08:04:01","slug":"zeglarz-jachtowy-sternik-morski","status":"publish","type":"page","link":"https:\/\/matsail.com.pl\/index.php\/kursy\/zeglarz-jachtowy-sternik-morski\/","title":{"rendered":"\u017beglarz jachtowy\/Sternik morski\u200b"},"content":{"rendered":"\t\t<div data-elementor-type=\"wp-page\" data-elementor-id=\"1982\" class=\"elementor elementor-1982\">\n\t\t\t\t\t\t<section class=\"elementor-section elementor-top-section elementor-element elementor-element-2930750 elementor-section-boxed elementor-section-height-default elementor-section-height-default wpr-particle-no wpr-jarallax-no wpr-parallax-no wpr-sticky-section-no wpr-equal-height-no\" data-id=\"2930750\" data-element_type=\"section\" data-e-type=\"section\" data-settings=\"{&quot;background_background&quot;:&quot;classic&quot;}\">\n\t\t\t\t\t\t\t<div class=\"elementor-background-overlay\"><\/div>\n\t\t\t\t\t\t\t<div class=\"elementor-container elementor-column-gap-default\">\n\t\t\t\t\t<div class=\"elementor-column elementor-col-100 elementor-top-column elementor-element elementor-element-924e8cb\" data-id=\"924e8cb\" data-element_type=\"column\" data-e-type=\"column\">\n\t\t\t<div class=\"elementor-widget-wrap elementor-element-populated\">\n\t\t\t\t\t\t<div class=\"elementor-element elementor-element-5d38e32 elementor-widget elementor-widget-heading\" data-id=\"5d38e32\" data-element_type=\"widget\" data-e-type=\"widget\" data-widget_type=\"heading.default\">\n\t\t\t\t<div class=\"elementor-widget-container\">\n\t\t\t\t\t<h2 class=\"elementor-heading-title elementor-size-default\">\u017beglarz jachtowy\/Sternik morski<\/h2>\t\t\t\t<\/div>\n\t\t\t\t<\/div>\n\t\t\t\t\t<\/div>\n\t\t<\/div>\n\t\t\t\t\t<\/div>\n\t\t<\/section>\n\t\t\t\t<section class=\"elementor-section elementor-top-section elementor-element elementor-element-85e3916 elementor-section-content-top elementor-reverse-mobile elementor-section-boxed elementor-section-height-default elementor-section-height-default wpr-particle-no wpr-jarallax-no wpr-parallax-no wpr-sticky-section-no wpr-equal-height-no\" data-id=\"85e3916\" data-element_type=\"section\" data-e-type=\"section\">\n\t\t\t\t\t\t<div class=\"elementor-container elementor-column-gap-no\">\n\t\t\t\t\t<div class=\"elementor-column elementor-col-50 elementor-top-column elementor-element elementor-element-4dfd048\" data-id=\"4dfd048\" data-element_type=\"column\" data-e-type=\"column\">\n\t\t\t<div class=\"elementor-widget-wrap elementor-element-populated\">\n\t\t\t\t\t\t<section class=\"elementor-section elementor-inner-section elementor-element elementor-element-b52a82f elementor-section-boxed elementor-section-height-default elementor-section-height-default wpr-particle-no wpr-jarallax-no wpr-parallax-no wpr-sticky-section-no wpr-equal-height-no\" data-id=\"b52a82f\" data-element_type=\"section\" data-e-type=\"section\">\n\t\t\t\t\t\t<div class=\"elementor-container elementor-column-gap-no\">\n\t\t\t\t\t<div class=\"elementor-column elementor-col-100 elementor-inner-column elementor-element elementor-element-8092c2f\" data-id=\"8092c2f\" data-element_type=\"column\" data-e-type=\"column\">\n\t\t\t<div class=\"elementor-widget-wrap elementor-element-populated\">\n\t\t\t\t\t\t<div class=\"elementor-element elementor-element-5f1d74d elementor-widget elementor-widget-heading\" data-id=\"5f1d74d\" data-element_type=\"widget\" data-e-type=\"widget\" data-widget_type=\"heading.default\">\n\t\t\t\t<div class=\"elementor-widget-container\">\n\t\t\t\t\t<h2 class=\"elementor-heading-title elementor-size-default\">Opis kursu<\/h2>\t\t\t\t<\/div>\n\t\t\t\t<\/div>\n\t\t\t\t<div class=\"elementor-element elementor-element-a6a85cf elementor-widget__width-initial elementor-widget elementor-widget-text-editor\" data-id=\"a6a85cf\" data-element_type=\"widget\" data-e-type=\"widget\" data-settings=\"{&quot;_animation&quot;:&quot;none&quot;}\" data-widget_type=\"text-editor.default\">\n\t\t\t\t<div class=\"elementor-widget-container\">\n\t\t\t\t\t\t\t\t\t<p>Podczas kursu zdob\u0119dziesz niezb\u0119dne umiej\u0119tno\u015bci pozwalaj\u0105ce na swobodne i samodzielne prowadzenie jachtu. Skupimy si\u0119 przede wszystkim na praktyce, podczas kt\u00f3rej b\u0119dziemy przekazywa\u0107 wiedz\u0119 z zakresu teorii. Ka\u017cde zagadnienie teoretyczne b\u0119dziemy realizowa\u0107 w praktyce na jachcie, a najwi\u0119cej czasu sp\u0119dzimy na manewrach portowych. Zaj\u0119cia prowadzone b\u0119d\u0105 przez wykwalifikowan\u0105 kadr\u0119, kt\u00f3ra odpowie na nurtuj\u0105ce Was pytania, podczas trwania kursu.<\/p><p>W kursie uczestniczy maksymalnie 4 kursant\u00f3w, dzi\u0119ki czemu b\u0119dziemy w stanie ka\u017cdemu po\u015bwi\u0119ci\u0107 bardzo du\u017co uwagi.<\/p>\t\t\t\t\t\t\t\t<\/div>\n\t\t\t\t<\/div>\n\t\t\t\t\t<\/div>\n\t\t<\/div>\n\t\t\t\t\t<\/div>\n\t\t<\/section>\n\t\t\t\t\t<\/div>\n\t\t<\/div>\n\t\t\t\t<div class=\"elementor-column elementor-col-50 elementor-top-column elementor-element elementor-element-4c2c199\" data-id=\"4c2c199\" data-element_type=\"column\" data-e-type=\"column\" data-settings=\"{&quot;background_background&quot;:&quot;classic&quot;}\">\n\t\t\t<div class=\"elementor-widget-wrap elementor-element-populated\">\n\t\t\t\t\t\t<section class=\"elementor-section elementor-inner-section elementor-element elementor-element-8e18a1b elementor-section-boxed elementor-section-height-default elementor-section-height-default wpr-particle-no wpr-jarallax-no wpr-parallax-no wpr-sticky-section-no wpr-equal-height-no elementor-invisible\" data-id=\"8e18a1b\" data-element_type=\"section\" data-e-type=\"section\" data-settings=\"{&quot;animation&quot;:&quot;fadeIn&quot;}\">\n\t\t\t\t\t\t<div class=\"elementor-container elementor-column-gap-no\">\n\t\t\t\t\t<div class=\"elementor-column elementor-col-100 elementor-inner-column elementor-element elementor-element-edf4e25\" data-id=\"edf4e25\" data-element_type=\"column\" data-e-type=\"column\" data-settings=\"{&quot;background_background&quot;:&quot;classic&quot;}\">\n\t\t\t<div class=\"elementor-widget-wrap elementor-element-populated\">\n\t\t\t\t\t\t<div class=\"elementor-element elementor-element-bfeda9b elementor-widget elementor-widget-heading\" data-id=\"bfeda9b\" data-element_type=\"widget\" data-e-type=\"widget\" data-widget_type=\"heading.default\">\n\t\t\t\t<div class=\"elementor-widget-container\">\n\t\t\t\t\t<h2 class=\"elementor-heading-title elementor-size-default\">Informacje o kursie<\/h2>\t\t\t\t<\/div>\n\t\t\t\t<\/div>\n\t\t\t\t<div class=\"elementor-element elementor-element-5d14461 elementor-widget__width-initial elementor-widget elementor-widget-text-editor\" data-id=\"5d14461\" data-element_type=\"widget\" data-e-type=\"widget\" data-settings=\"{&quot;_animation&quot;:&quot;none&quot;}\" data-widget_type=\"text-editor.default\">\n\t\t\t\t<div class=\"elementor-widget-container\">\n\t\t\t\t\t\t\t\t\tTERMIN\t\t\t\t\t\t\t\t<\/div>\n\t\t\t\t<\/div>\n\t\t\t\t<div class=\"elementor-element elementor-element-f1e4da2 elementor-widget elementor-widget-heading\" data-id=\"f1e4da2\" data-element_type=\"widget\" data-e-type=\"widget\" data-widget_type=\"heading.default\">\n\t\t\t\t<div class=\"elementor-widget-container\">\n\t\t\t\t\t<h2 class=\"elementor-heading-title elementor-size-default\">Kwiecie\u0144 - Listopad<\/h2>\t\t\t\t<\/div>\n\t\t\t\t<\/div>\n\t\t\t\t<div class=\"elementor-element elementor-element-afa96e0 elementor-widget__width-initial elementor-widget elementor-widget-text-editor\" data-id=\"afa96e0\" data-element_type=\"widget\" data-e-type=\"widget\" data-settings=\"{&quot;_animation&quot;:&quot;none&quot;}\" data-widget_type=\"text-editor.default\">\n\t\t\t\t<div class=\"elementor-widget-container\">\n\t\t\t\t\t\t\t\t\tMIEJSCE\t\t\t\t\t\t\t\t<\/div>\n\t\t\t\t<\/div>\n\t\t\t\t<div class=\"elementor-element elementor-element-d5a35d1 elementor-widget elementor-widget-heading\" data-id=\"d5a35d1\" data-element_type=\"widget\" data-e-type=\"widget\" data-widget_type=\"heading.default\">\n\t\t\t\t<div class=\"elementor-widget-container\">\n\t\t\t\t\t<h2 class=\"elementor-heading-title elementor-size-default\">Gdynia i zatoka Gda\u0144ska<\/h2>\t\t\t\t<\/div>\n\t\t\t\t<\/div>\n\t\t\t\t<div class=\"elementor-element elementor-element-bba90f8 elementor-widget__width-initial elementor-widget elementor-widget-text-editor\" data-id=\"bba90f8\" data-element_type=\"widget\" data-e-type=\"widget\" data-settings=\"{&quot;_animation&quot;:&quot;none&quot;}\" data-widget_type=\"text-editor.default\">\n\t\t\t\t<div class=\"elementor-widget-container\">\n\t\t\t\t\t\t\t\t\tTRYB KURSU\t\t\t\t\t\t\t\t<\/div>\n\t\t\t\t<\/div>\n\t\t\t\t<div class=\"elementor-element elementor-element-751ccf3 elementor-widget elementor-widget-heading\" data-id=\"751ccf3\" data-element_type=\"widget\" data-e-type=\"widget\" data-widget_type=\"heading.default\">\n\t\t\t\t<div class=\"elementor-widget-container\">\n\t\t\t\t\t<h2 class=\"elementor-heading-title elementor-size-default\">Kurs weekendowy (6 dni pt-ndz)<\/h2>\t\t\t\t<\/div>\n\t\t\t\t<\/div>\n\t\t\t\t<div class=\"elementor-element elementor-element-8c2b807 elementor-widget__width-initial elementor-widget elementor-widget-text-editor\" data-id=\"8c2b807\" data-element_type=\"widget\" data-e-type=\"widget\" data-settings=\"{&quot;_animation&quot;:&quot;none&quot;}\" data-widget_type=\"text-editor.default\">\n\t\t\t\t<div class=\"elementor-widget-container\">\n\t\t\t\t\t\t\t\t\tCENA\t\t\t\t\t\t\t\t<\/div>\n\t\t\t\t<\/div>\n\t\t\t\t<div class=\"elementor-element elementor-element-6de7ac0 elementor-widget elementor-widget-heading\" data-id=\"6de7ac0\" data-element_type=\"widget\" data-e-type=\"widget\" data-widget_type=\"heading.default\">\n\t\t\t\t<div class=\"elementor-widget-container\">\n\t\t\t\t\t<h2 class=\"elementor-heading-title elementor-size-default\">2400 z\u0142 \/ osoba<\/h2>\t\t\t\t<\/div>\n\t\t\t\t<\/div>\n\t\t<div class=\"elementor-element elementor-element-803a924 e-flex e-con-boxed wpr-particle-no wpr-jarallax-no wpr-parallax-no wpr-sticky-section-no wpr-equal-height-no e-con e-parent\" data-id=\"803a924\" data-element_type=\"container\" data-e-type=\"container\">\n\t\t\t\t\t<div class=\"e-con-inner\">\n\t\t\t\t<div class=\"elementor-element elementor-element-a0755e4 elementor-widget elementor-widget-heading\" data-id=\"a0755e4\" data-element_type=\"widget\" data-e-type=\"widget\" data-widget_type=\"heading.default\">\n\t\t\t\t<div class=\"elementor-widget-container\">\n\t\t\t\t\t<h2 class=\"elementor-heading-title elementor-size-default\">*w przypadku rezerwacji dla grup - rabaty<\/h2>\t\t\t\t<\/div>\n\t\t\t\t<\/div>\n\t\t\t\t<div class=\"elementor-element elementor-element-54e74f7 elementor-widget elementor-widget-heading\" data-id=\"54e74f7\" data-element_type=\"widget\" data-e-type=\"widget\" data-widget_type=\"heading.default\">\n\t\t\t\t<div class=\"elementor-widget-container\">\n\t\t\t\t\t<h2 class=\"elementor-heading-title elementor-size-default\">* cena nie obejmuje op\u0142aty za egzamin<\/h2>\t\t\t\t<\/div>\n\t\t\t\t<\/div>\n\t\t\t\t<div class=\"elementor-element elementor-element-341535b elementor-widget elementor-widget-heading\" data-id=\"341535b\" data-element_type=\"widget\" data-e-type=\"widget\" data-widget_type=\"heading.default\">\n\t\t\t\t<div class=\"elementor-widget-container\">\n\t\t\t\t\t<h2 class=\"elementor-heading-title elementor-size-default\">*w przypadku zainteresowania innym trybem ni\u017c weekendowy prosimy o kontakt<\/h2>\t\t\t\t<\/div>\n\t\t\t\t<\/div>\n\t\t\t\t\t<\/div>\n\t\t\t\t<\/div>\n\t\t\t\t\t<\/div>\n\t\t<\/div>\n\t\t\t\t\t<\/div>\n\t\t<\/section>\n\t\t\t\t\t<\/div>\n\t\t<\/div>\n\t\t\t\t\t<\/div>\n\t\t<\/section>\n\t\t\t\t<section class=\"elementor-section elementor-top-section elementor-element elementor-element-acd898c elementor-section-full_width elementor-section-height-default elementor-section-height-default wpr-particle-no wpr-jarallax-no wpr-parallax-no wpr-sticky-section-no wpr-equal-height-no\" data-id=\"acd898c\" data-element_type=\"section\" data-e-type=\"section\" data-settings=\"{&quot;background_background&quot;:&quot;classic&quot;}\">\n\t\t\t\t\t\t<div class=\"elementor-container elementor-column-gap-no\">\n\t\t\t\t\t<div class=\"elementor-column elementor-col-100 elementor-top-column elementor-element elementor-element-95886b4\" data-id=\"95886b4\" data-element_type=\"column\" data-e-type=\"column\">\n\t\t\t<div class=\"elementor-widget-wrap elementor-element-populated\">\n\t\t\t\t\t\t<section class=\"elementor-section elementor-inner-section elementor-element elementor-element-4cd644e elementor-section-boxed elementor-section-height-default elementor-section-height-default wpr-particle-no wpr-jarallax-no wpr-parallax-no wpr-sticky-section-no wpr-equal-height-no\" data-id=\"4cd644e\" data-element_type=\"section\" data-e-type=\"section\">\n\t\t\t\t\t\t<div class=\"elementor-container elementor-column-gap-default\">\n\t\t\t\t\t<div class=\"elementor-column elementor-col-100 elementor-inner-column elementor-element elementor-element-de22780 animated-slow\" data-id=\"de22780\" data-element_type=\"column\" data-e-type=\"column\" data-settings=\"{&quot;animation&quot;:&quot;none&quot;}\">\n\t\t\t<div class=\"elementor-widget-wrap elementor-element-populated\">\n\t\t\t\t\t\t<div class=\"elementor-element elementor-element-b5ba004 elementor-invisible elementor-widget elementor-widget-heading\" data-id=\"b5ba004\" data-element_type=\"widget\" data-e-type=\"widget\" data-settings=\"{&quot;_animation&quot;:&quot;fadeIn&quot;}\" data-widget_type=\"heading.default\">\n\t\t\t\t<div class=\"elementor-widget-container\">\n\t\t\t\t\t<h2 class=\"elementor-heading-title elementor-size-default\">ZOBACZ, JAK WYGL\u0104DAJ\u0104 NASZE\n<\/h2>\t\t\t\t<\/div>\n\t\t\t\t<\/div>\n\t\t\t\t<div class=\"elementor-element elementor-element-e1a8ab1 elementor-invisible elementor-widget elementor-widget-heading\" data-id=\"e1a8ab1\" data-element_type=\"widget\" data-e-type=\"widget\" data-settings=\"{&quot;_animation&quot;:&quot;fadeIn&quot;,&quot;_animation_delay&quot;:300}\" data-widget_type=\"heading.default\">\n\t\t\t\t<div class=\"elementor-widget-container\">\n\t\t\t\t\t<h2 class=\"elementor-heading-title elementor-size-default\">KURSY<\/h2>\t\t\t\t<\/div>\n\t\t\t\t<\/div>\n\t\t\t\t\t<\/div>\n\t\t<\/div>\n\t\t\t\t\t<\/div>\n\t\t<\/section>\n\t\t\t\t<section class=\"elementor-section elementor-inner-section elementor-element elementor-element-83831da elementor-section-boxed elementor-section-height-default elementor-section-height-default wpr-particle-no wpr-jarallax-no wpr-parallax-no wpr-sticky-section-no wpr-equal-height-no\" data-id=\"83831da\" data-element_type=\"section\" data-e-type=\"section\" data-settings=\"{&quot;animation&quot;:&quot;none&quot;,&quot;animation_delay&quot;:300}\">\n\t\t\t\t\t\t<div class=\"elementor-container elementor-column-gap-default\">\n\t\t\t\t\t<div class=\"elementor-column elementor-col-33 elementor-inner-column elementor-element elementor-element-8b0b3dd\" data-id=\"8b0b3dd\" data-element_type=\"column\" data-e-type=\"column\" data-settings=\"{&quot;background_background&quot;:&quot;classic&quot;}\">\n\t\t\t<div class=\"elementor-widget-wrap elementor-element-populated\">\n\t\t\t\t<div class=\"elementor-element elementor-element-e24ea3d e-con-full e-flex wpr-particle-no wpr-jarallax-no wpr-parallax-no wpr-sticky-section-no wpr-equal-height-no e-con e-parent\" data-id=\"e24ea3d\" data-element_type=\"container\" data-e-type=\"container\" data-settings=\"{&quot;background_background&quot;:&quot;classic&quot;}\">\n\t\t\t\t<\/div>\n\t\t\t\t\t<\/div>\n\t\t<\/div>\n\t\t\t\t<div class=\"elementor-column elementor-col-33 elementor-inner-column elementor-element elementor-element-6284241\" data-id=\"6284241\" data-element_type=\"column\" data-e-type=\"column\">\n\t\t\t<div class=\"elementor-widget-wrap elementor-element-populated\">\n\t\t\t\t<div class=\"elementor-element elementor-element-45d7258 e-flex e-con-boxed wpr-particle-no wpr-jarallax-no wpr-parallax-no wpr-sticky-section-no wpr-equal-height-no e-con e-parent\" data-id=\"45d7258\" data-element_type=\"container\" data-e-type=\"container\" data-settings=\"{&quot;background_background&quot;:&quot;classic&quot;}\">\n\t\t\t\t\t<div class=\"e-con-inner\">\n\t\t\t\t\t<\/div>\n\t\t\t\t<\/div>\n\t\t<div class=\"elementor-element elementor-element-9a2d937 e-flex e-con-boxed wpr-particle-no wpr-jarallax-no wpr-parallax-no wpr-sticky-section-no wpr-equal-height-no e-con e-parent\" data-id=\"9a2d937\" data-element_type=\"container\" data-e-type=\"container\" data-settings=\"{&quot;background_background&quot;:&quot;classic&quot;}\">\n\t\t\t\t\t<div class=\"e-con-inner\">\n\t\t\t\t\t<\/div>\n\t\t\t\t<\/div>\n\t\t\t\t\t<\/div>\n\t\t<\/div>\n\t\t\t\t<div class=\"elementor-column elementor-col-33 elementor-inner-column elementor-element elementor-element-acc442e elementor-hidden-mobile\" data-id=\"acc442e\" data-element_type=\"column\" data-e-type=\"column\" data-settings=\"{&quot;background_background&quot;:&quot;classic&quot;}\">\n\t\t\t<div class=\"elementor-widget-wrap elementor-element-populated\">\n\t\t\t\t<div class=\"elementor-element elementor-element-5ade28d e-con-full e-flex wpr-particle-no wpr-jarallax-no wpr-parallax-no wpr-sticky-section-no wpr-equal-height-no e-con e-parent\" data-id=\"5ade28d\" data-element_type=\"container\" data-e-type=\"container\" data-settings=\"{&quot;background_background&quot;:&quot;classic&quot;}\">\n\t\t\t\t<\/div>\n\t\t\t\t\t<\/div>\n\t\t<\/div>\n\t\t\t\t\t<\/div>\n\t\t<\/section>\n\t\t\t\t\t<\/div>\n\t\t<\/div>\n\t\t\t\t\t<\/div>\n\t\t<\/section>\n\t\t\t\t<\/div>\n\t\t","protected":false},"excerpt":{"rendered":"<p>\u017beglarz jachtowy\/Sternik morski Opis kursu Podczas kursu zdob\u0119dziesz niezb\u0119dne umiej\u0119tno\u015bci pozwalaj\u0105ce na swobodne i samodzielne prowadzenie jachtu. Skupimy si\u0119 przede wszystkim na praktyce, podczas kt\u00f3rej b\u0119dziemy przekazywa\u0107 wiedz\u0119 z zakresu teorii. Ka\u017cde zagadnienie teoretyczne b\u0119dziemy realizowa\u0107 w praktyce na jachcie, a najwi\u0119cej czasu sp\u0119dzimy na manewrach portowych. Zaj\u0119cia prowadzone b\u0119d\u0105 przez wykwalifikowan\u0105 kadr\u0119, kt\u00f3ra odpowie na nurtuj\u0105ce Was pytania, podczas trwania kursu. W kursie uczestniczy maksymalnie 4 kursant\u00f3w, dzi\u0119ki czemu b\u0119dziemy w stanie ka\u017cdemu po\u015bwi\u0119ci\u0107 bardzo du\u017co uwagi. Informacje o kursie TERMIN Kwiecie\u0144 &#8211; Listopad MIEJSCE Gdynia i zatoka Gda\u0144ska TRYB KURSU Kurs weekendowy (6 dni pt-ndz) CENA 2400 z\u0142 \/ osoba *w przypadku rezerwacji dla grup &#8211; rabaty * cena nie obejmuje op\u0142aty za egzamin *w przypadku zainteresowania innym trybem ni\u017c weekendowy prosimy o kontakt ZOBACZ, JAK WYGL\u0104DAJ\u0104 NASZE KURSY<\/p>\n","protected":false},"author":1,"featured_media":0,"parent":1863,"menu_order":0,"comment_status":"closed","ping_status":"closed","template":"elementor_canvas","meta":{"footnotes":""},"class_list":["post-1982","page","type-page","status-publish","hentry"],"yoast_head":"<!-- This site is optimized with the Yoast SEO plugin v27.4 - https:\/\/yoast.com\/product\/yoast-seo-wordpress\/ -->\n<title>\u017beglarz jachtowy\/Sternik morski\u200b - MatSail<\/title>\n<meta name=\"robots\" content=\"index, follow, max-snippet:-1, max-image-preview:large, max-video-preview:-1\" \/>\n<link rel=\"canonical\" href=\"https:\/\/matsail.com.pl\/index.php\/kursy\/zeglarz-jachtowy-sternik-morski\/\" \/>\n<meta property=\"og:locale\" content=\"pl_PL\" \/>\n<meta property=\"og:type\" content=\"article\" \/>\n<meta property=\"og:title\" content=\"\u017beglarz jachtowy\/Sternik morski\u200b - MatSail\" \/>\n<meta property=\"og:description\" content=\"\u017beglarz jachtowy\/Sternik morski Opis kursu Podczas kursu zdob\u0119dziesz niezb\u0119dne umiej\u0119tno\u015bci pozwalaj\u0105ce na swobodne i samodzielne prowadzenie jachtu. Skupimy si\u0119 przede wszystkim na praktyce, podczas kt\u00f3rej b\u0119dziemy przekazywa\u0107 wiedz\u0119 z zakresu teorii. Ka\u017cde zagadnienie teoretyczne b\u0119dziemy realizowa\u0107 w praktyce na jachcie, a najwi\u0119cej czasu sp\u0119dzimy na manewrach portowych. Zaj\u0119cia prowadzone b\u0119d\u0105 przez wykwalifikowan\u0105 kadr\u0119, kt\u00f3ra odpowie na nurtuj\u0105ce Was pytania, podczas trwania kursu. W kursie uczestniczy maksymalnie 4 kursant\u00f3w, dzi\u0119ki czemu b\u0119dziemy w stanie ka\u017cdemu po\u015bwi\u0119ci\u0107 bardzo du\u017co uwagi. Informacje o kursie TERMIN Kwiecie\u0144 &#8211; Listopad MIEJSCE Gdynia i zatoka Gda\u0144ska TRYB KURSU Kurs weekendowy (6 dni pt-ndz) CENA 2400 z\u0142 \/ osoba *w przypadku rezerwacji dla grup &#8211; rabaty * cena nie obejmuje op\u0142aty za egzamin *w przypadku zainteresowania innym trybem ni\u017c weekendowy prosimy o kontakt ZOBACZ, JAK WYGL\u0104DAJ\u0104 NASZE KURSY\" \/>\n<meta property=\"og:url\" content=\"https:\/\/matsail.com.pl\/index.php\/kursy\/zeglarz-jachtowy-sternik-morski\/\" \/>\n<meta property=\"og:site_name\" content=\"MatSail\" \/>\n<meta property=\"article:modified_time\" content=\"2024-08-26T08:04:01+00:00\" \/>\n<meta name=\"twitter:card\" content=\"summary_large_image\" \/>\n<meta name=\"twitter:label1\" content=\"Szacowany czas czytania\" \/>\n\t<meta name=\"twitter:data1\" content=\"1 minuta\" \/>\n<script type=\"application\/ld+json\" class=\"yoast-schema-graph\">{\"@context\":\"https:\\\/\\\/schema.org\",\"@graph\":[{\"@type\":\"WebPage\",\"@id\":\"https:\\\/\\\/matsail.com.pl\\\/index.php\\\/kursy\\\/zeglarz-jachtowy-sternik-morski\\\/\",\"url\":\"https:\\\/\\\/matsail.com.pl\\\/index.php\\\/kursy\\\/zeglarz-jachtowy-sternik-morski\\\/\",\"name\":\"\u017beglarz jachtowy\\\/Sternik morski\u200b - MatSail\",\"isPartOf\":{\"@id\":\"https:\\\/\\\/matsail.com.pl\\\/#website\"},\"datePublished\":\"2024-01-25T10:13:38+00:00\",\"dateModified\":\"2024-08-26T08:04:01+00:00\",\"breadcrumb\":{\"@id\":\"https:\\\/\\\/matsail.com.pl\\\/index.php\\\/kursy\\\/zeglarz-jachtowy-sternik-morski\\\/#breadcrumb\"},\"inLanguage\":\"pl-PL\",\"potentialAction\":[{\"@type\":\"ReadAction\",\"target\":[\"https:\\\/\\\/matsail.com.pl\\\/index.php\\\/kursy\\\/zeglarz-jachtowy-sternik-morski\\\/\"]}]},{\"@type\":\"BreadcrumbList\",\"@id\":\"https:\\\/\\\/matsail.com.pl\\\/index.php\\\/kursy\\\/zeglarz-jachtowy-sternik-morski\\\/#breadcrumb\",\"itemListElement\":[{\"@type\":\"ListItem\",\"position\":1,\"name\":\"Strona g\u0142\u00f3wna\",\"item\":\"https:\\\/\\\/matsail.com.pl\\\/\"},{\"@type\":\"ListItem\",\"position\":2,\"name\":\"Kursy\",\"item\":\"https:\\\/\\\/matsail.com.pl\\\/index.php\\\/kursy\\\/\"},{\"@type\":\"ListItem\",\"position\":3,\"name\":\"\u017beglarz jachtowy\\\/Sternik morski\u200b\"}]},{\"@type\":\"WebSite\",\"@id\":\"https:\\\/\\\/matsail.com.pl\\\/#website\",\"url\":\"https:\\\/\\\/matsail.com.pl\\\/\",\"name\":\"MatSail\",\"description\":\"\",\"potentialAction\":[{\"@type\":\"SearchAction\",\"target\":{\"@type\":\"EntryPoint\",\"urlTemplate\":\"https:\\\/\\\/matsail.com.pl\\\/?s={search_term_string}\"},\"query-input\":{\"@type\":\"PropertyValueSpecification\",\"valueRequired\":true,\"valueName\":\"search_term_string\"}}],\"inLanguage\":\"pl-PL\"}]}<\/script>\n<!-- \/ Yoast SEO plugin. -->","yoast_head_json":{"title":"\u017beglarz jachtowy\/Sternik morski\u200b - MatSail","robots":{"index":"index","follow":"follow","max-snippet":"max-snippet:-1","max-image-preview":"max-image-preview:large","max-video-preview":"max-video-preview:-1"},"canonical":"https:\/\/matsail.com.pl\/index.php\/kursy\/zeglarz-jachtowy-sternik-morski\/","og_locale":"pl_PL","og_type":"article","og_title":"\u017beglarz jachtowy\/Sternik morski\u200b - MatSail","og_description":"\u017beglarz jachtowy\/Sternik morski Opis kursu Podczas kursu zdob\u0119dziesz niezb\u0119dne umiej\u0119tno\u015bci pozwalaj\u0105ce na swobodne i samodzielne prowadzenie jachtu. Skupimy si\u0119 przede wszystkim na praktyce, podczas kt\u00f3rej b\u0119dziemy przekazywa\u0107 wiedz\u0119 z zakresu teorii. Ka\u017cde zagadnienie teoretyczne b\u0119dziemy realizowa\u0107 w praktyce na jachcie, a najwi\u0119cej czasu sp\u0119dzimy na manewrach portowych. Zaj\u0119cia prowadzone b\u0119d\u0105 przez wykwalifikowan\u0105 kadr\u0119, kt\u00f3ra odpowie na nurtuj\u0105ce Was pytania, podczas trwania kursu. W kursie uczestniczy maksymalnie 4 kursant\u00f3w, dzi\u0119ki czemu b\u0119dziemy w stanie ka\u017cdemu po\u015bwi\u0119ci\u0107 bardzo du\u017co uwagi. Informacje o kursie TERMIN Kwiecie\u0144 &#8211; Listopad MIEJSCE Gdynia i zatoka Gda\u0144ska TRYB KURSU Kurs weekendowy (6 dni pt-ndz) CENA 2400 z\u0142 \/ osoba *w przypadku rezerwacji dla grup &#8211; rabaty * cena nie obejmuje op\u0142aty za egzamin *w przypadku zainteresowania innym trybem ni\u017c weekendowy prosimy o kontakt ZOBACZ, JAK WYGL\u0104DAJ\u0104 NASZE KURSY","og_url":"https:\/\/matsail.com.pl\/index.php\/kursy\/zeglarz-jachtowy-sternik-morski\/","og_site_name":"MatSail","article_modified_time":"2024-08-26T08:04:01+00:00","twitter_card":"summary_large_image","twitter_misc":{"Szacowany czas czytania":"1 minuta"},"schema":{"@context":"https:\/\/schema.org","@graph":[{"@type":"WebPage","@id":"https:\/\/matsail.com.pl\/index.php\/kursy\/zeglarz-jachtowy-sternik-morski\/","url":"https:\/\/matsail.com.pl\/index.php\/kursy\/zeglarz-jachtowy-sternik-morski\/","name":"\u017beglarz jachtowy\/Sternik morski\u200b - MatSail","isPartOf":{"@id":"https:\/\/matsail.com.pl\/#website"},"datePublished":"2024-01-25T10:13:38+00:00","dateModified":"2024-08-26T08:04:01+00:00","breadcrumb":{"@id":"https:\/\/matsail.com.pl\/index.php\/kursy\/zeglarz-jachtowy-sternik-morski\/#breadcrumb"},"inLanguage":"pl-PL","potentialAction":[{"@type":"ReadAction","target":["https:\/\/matsail.com.pl\/index.php\/kursy\/zeglarz-jachtowy-sternik-morski\/"]}]},{"@type":"BreadcrumbList","@id":"https:\/\/matsail.com.pl\/index.php\/kursy\/zeglarz-jachtowy-sternik-morski\/#breadcrumb","itemListElement":[{"@type":"ListItem","position":1,"name":"Strona g\u0142\u00f3wna","item":"https:\/\/matsail.com.pl\/"},{"@type":"ListItem","position":2,"name":"Kursy","item":"https:\/\/matsail.com.pl\/index.php\/kursy\/"},{"@type":"ListItem","position":3,"name":"\u017beglarz jachtowy\/Sternik morski\u200b"}]},{"@type":"WebSite","@id":"https:\/\/matsail.com.pl\/#website","url":"https:\/\/matsail.com.pl\/","name":"MatSail","description":"","potentialAction":[{"@type":"SearchAction","target":{"@type":"EntryPoint","urlTemplate":"https:\/\/matsail.com.pl\/?s={search_term_string}"},"query-input":{"@type":"PropertyValueSpecification","valueRequired":true,"valueName":"search_term_string"}}],"inLanguage":"pl-PL"}]}},"_links":{"self":[{"href":"https:\/\/matsail.com.pl\/index.php\/wp-json\/wp\/v2\/pages\/1982","targetHints":{"allow":["GET"]}}],"collection":[{"href":"https:\/\/matsail.com.pl\/index.php\/wp-json\/wp\/v2\/pages"}],"about":[{"href":"https:\/\/matsail.com.pl\/index.php\/wp-json\/wp\/v2\/types\/page"}],"author":[{"embeddable":true,"href":"https:\/\/matsail.com.pl\/index.php\/wp-json\/wp\/v2\/users\/1"}],"replies":[{"embeddable":true,"href":"https:\/\/matsail.com.pl\/index.php\/wp-json\/wp\/v2\/comments?post=1982"}],"version-history":[{"count":63,"href":"https:\/\/matsail.com.pl\/index.php\/wp-json\/wp\/v2\/pages\/1982\/revisions"}],"predecessor-version":[{"id":4242,"href":"https:\/\/matsail.com.pl\/index.php\/wp-json\/wp\/v2\/pages\/1982\/revisions\/4242"}],"up":[{"embeddable":true,"href":"https:\/\/matsail.com.pl\/index.php\/wp-json\/wp\/v2\/pages\/1863"}],"wp:attachment":[{"href":"https:\/\/matsail.com.pl\/index.php\/wp-json\/wp\/v2\/media?parent=1982"}],"curies":[{"name":"wp","href":"https:\/\/api.w.org\/{rel}","templated":true}]}}