{"id":1980,"date":"2024-01-25T10:12:02","date_gmt":"2024-01-25T10:12:02","guid":{"rendered":"https:\/\/matsail.com.pl\/?page_id=1980"},"modified":"2024-02-17T21:08:41","modified_gmt":"2024-02-17T21:08:41","slug":"szyte-na-miare","status":"publish","type":"page","link":"https:\/\/matsail.com.pl\/index.php\/rejsy\/szyte-na-miare\/","title":{"rendered":"Szyte na miar\u0119"},"content":{"rendered":"\t\t<div data-elementor-type=\"wp-page\" data-elementor-id=\"1980\" class=\"elementor elementor-1980\">\n\t\t\t\t\t\t<section class=\"elementor-section elementor-top-section elementor-element elementor-element-2930750 elementor-section-boxed elementor-section-height-default elementor-section-height-default wpr-particle-no wpr-jarallax-no wpr-parallax-no wpr-sticky-section-no wpr-equal-height-no\" data-id=\"2930750\" data-element_type=\"section\" data-e-type=\"section\" data-settings=\"{&quot;background_background&quot;:&quot;classic&quot;}\">\n\t\t\t\t\t\t\t<div class=\"elementor-background-overlay\"><\/div>\n\t\t\t\t\t\t\t<div class=\"elementor-container elementor-column-gap-default\">\n\t\t\t\t\t<div class=\"elementor-column elementor-col-100 elementor-top-column elementor-element elementor-element-924e8cb\" data-id=\"924e8cb\" data-element_type=\"column\" data-e-type=\"column\">\n\t\t\t<div class=\"elementor-widget-wrap elementor-element-populated\">\n\t\t\t\t\t\t<div class=\"elementor-element elementor-element-5d38e32 elementor-widget elementor-widget-heading\" data-id=\"5d38e32\" data-element_type=\"widget\" data-e-type=\"widget\" data-widget_type=\"heading.default\">\n\t\t\t\t<div class=\"elementor-widget-container\">\n\t\t\t\t\t<h2 class=\"elementor-heading-title elementor-size-default\">Rejsy szyte na miar\u0119<\/h2>\t\t\t\t<\/div>\n\t\t\t\t<\/div>\n\t\t\t\t\t<\/div>\n\t\t<\/div>\n\t\t\t\t\t<\/div>\n\t\t<\/section>\n\t\t\t\t<section class=\"elementor-section elementor-top-section elementor-element elementor-element-92c1d3a elementor-section-content-top elementor-reverse-mobile elementor-section-boxed elementor-section-height-default elementor-section-height-default wpr-particle-no wpr-jarallax-no wpr-parallax-no wpr-sticky-section-no wpr-equal-height-no\" data-id=\"92c1d3a\" data-element_type=\"section\" data-e-type=\"section\">\n\t\t\t\t\t\t<div class=\"elementor-container elementor-column-gap-no\">\n\t\t\t\t\t<div class=\"elementor-column elementor-col-50 elementor-top-column elementor-element elementor-element-5ba1abc\" data-id=\"5ba1abc\" data-element_type=\"column\" data-e-type=\"column\">\n\t\t\t<div class=\"elementor-widget-wrap elementor-element-populated\">\n\t\t\t\t\t\t<section class=\"elementor-section elementor-inner-section elementor-element elementor-element-5657b73 elementor-section-boxed elementor-section-height-default elementor-section-height-default wpr-particle-no wpr-jarallax-no wpr-parallax-no wpr-sticky-section-no wpr-equal-height-no\" data-id=\"5657b73\" data-element_type=\"section\" data-e-type=\"section\">\n\t\t\t\t\t\t<div class=\"elementor-container elementor-column-gap-no\">\n\t\t\t\t\t<div class=\"elementor-column elementor-col-100 elementor-inner-column elementor-element elementor-element-b2182b7\" data-id=\"b2182b7\" data-element_type=\"column\" data-e-type=\"column\">\n\t\t\t<div class=\"elementor-widget-wrap elementor-element-populated\">\n\t\t\t\t\t\t<div class=\"elementor-element elementor-element-6445630 elementor-widget elementor-widget-heading\" data-id=\"6445630\" data-element_type=\"widget\" data-e-type=\"widget\" data-widget_type=\"heading.default\">\n\t\t\t\t<div class=\"elementor-widget-container\">\n\t\t\t\t\t<h2 class=\"elementor-heading-title elementor-size-default\">Masz pomys\u0142 na rejs? Pomo\u017cemy Ci go zrealizowa\u0107!<\/h2>\t\t\t\t<\/div>\n\t\t\t\t<\/div>\n\t\t\t\t<div class=\"elementor-element elementor-element-545e361 elementor-widget__width-initial elementor-widget elementor-widget-text-editor\" data-id=\"545e361\" data-element_type=\"widget\" data-e-type=\"widget\" data-settings=\"{&quot;_animation&quot;:&quot;none&quot;}\" data-widget_type=\"text-editor.default\">\n\t\t\t\t<div class=\"elementor-widget-container\">\n\t\t\t\t\t\t\t\t\t<p>Chcesz przeby\u0107 przygod\u0119 swojego \u017cycia na wodzie ze znajomymi lub rodzin\u0105 i potrzebujesz jachtu ze sternikiem? Dobrze trafi\u0142e\u015b! Zorganizujemy dla Was wszystko od A do Z. Znajdziemy jacht, zaplanujemy tras\u0119, udost\u0119pnimy do\u015bwiadczonego sternika.<\/p>\t\t\t\t\t\t\t\t<\/div>\n\t\t\t\t<\/div>\n\t\t\t\t<div class=\"elementor-element elementor-element-f0828c9 elementor-widget__width-initial elementor-widget elementor-widget-text-editor\" data-id=\"f0828c9\" data-element_type=\"widget\" data-e-type=\"widget\" data-settings=\"{&quot;_animation&quot;:&quot;none&quot;}\" data-widget_type=\"text-editor.default\">\n\t\t\t\t<div class=\"elementor-widget-container\">\n\t\t\t\t\t\t\t\t\t<p>Rejsy nazywamy \u201eszyte na miar\u0119\u201d, poniewa\u017c czas, miejsce i forma wybierana jest przez Was. Rejs mo\u017ce odby\u0107 si\u0119 w dowolnym zak\u0105tku \u015bwiata na wybranej klasie jachtu lub katamaranu.<\/p>\t\t\t\t\t\t\t\t<\/div>\n\t\t\t\t<\/div>\n\t\t\t\t<div class=\"elementor-element elementor-element-f45fd4c wpr-button-icon-style-inline wpr-button-icon-position-right elementor-widget elementor-widget-wpr-button\" data-id=\"f45fd4c\" data-element_type=\"widget\" data-e-type=\"widget\" data-widget_type=\"wpr-button.default\">\n\t\t\t\t<div class=\"elementor-widget-container\">\n\t\t\t\t\t\t\n\t\t\t\n\t\t\n\t\t<div class=\"wpr-button-wrap elementor-clearfix\">\n\t\t<a class=\"wpr-button wpr-button-effect wpr-button-none\" data-text=\"\" href=\"https:\/\/matsail.com.pl\/index.php\/kontakt\/\">\n\t\t\t\n\t\t\t<span class=\"wpr-button-content\">\n\t\t\t\t\t\t\t\t\t<span class=\"wpr-button-text\">Skontaktuj si\u0119<\/span>\n\t\t\t\t\t\t\t\t\n\t\t\t\t\t\t\t<\/span>\n\t\t<\/a>\n\n\t\t\t\t<\/div>\n\t\n\t\n\t\t\t\t\t<\/div>\n\t\t\t\t<\/div>\n\t\t\t\t\t<\/div>\n\t\t<\/div>\n\t\t\t\t\t<\/div>\n\t\t<\/section>\n\t\t\t\t\t<\/div>\n\t\t<\/div>\n\t\t\t\t<div class=\"elementor-column elementor-col-50 elementor-top-column elementor-element elementor-element-7aab7e8\" data-id=\"7aab7e8\" data-element_type=\"column\" data-e-type=\"column\" data-settings=\"{&quot;background_background&quot;:&quot;classic&quot;}\">\n\t\t\t<div class=\"elementor-widget-wrap elementor-element-populated\">\n\t\t\t\t\t\t<section class=\"elementor-section elementor-inner-section elementor-element elementor-element-6e9c6c9 elementor-section-boxed elementor-section-height-default elementor-section-height-default wpr-particle-no wpr-jarallax-no wpr-parallax-no wpr-sticky-section-no wpr-equal-height-no elementor-invisible\" data-id=\"6e9c6c9\" data-element_type=\"section\" data-e-type=\"section\" data-settings=\"{&quot;animation&quot;:&quot;fadeIn&quot;}\">\n\t\t\t\t\t\t<div class=\"elementor-container elementor-column-gap-no\">\n\t\t\t\t\t<div class=\"elementor-column elementor-col-100 elementor-inner-column elementor-element elementor-element-116cd00\" data-id=\"116cd00\" data-element_type=\"column\" data-e-type=\"column\" data-settings=\"{&quot;background_background&quot;:&quot;classic&quot;}\">\n\t\t\t<div class=\"elementor-widget-wrap elementor-element-populated\">\n\t\t\t\t\t\t<div class=\"elementor-element elementor-element-3ec5e88 elementor-widget elementor-widget-heading\" data-id=\"3ec5e88\" data-element_type=\"widget\" data-e-type=\"widget\" data-widget_type=\"heading.default\">\n\t\t\t\t<div class=\"elementor-widget-container\">\n\t\t\t\t\t<h2 class=\"elementor-heading-title elementor-size-default\">Informacje o kursie<\/h2>\t\t\t\t<\/div>\n\t\t\t\t<\/div>\n\t\t\t\t<div class=\"elementor-element elementor-element-8e1ca54 elementor-widget__width-initial elementor-widget elementor-widget-text-editor\" data-id=\"8e1ca54\" data-element_type=\"widget\" data-e-type=\"widget\" data-settings=\"{&quot;_animation&quot;:&quot;none&quot;}\" data-widget_type=\"text-editor.default\">\n\t\t\t\t<div class=\"elementor-widget-container\">\n\t\t\t\t\t\t\t\t\tTERMIN\t\t\t\t\t\t\t\t<\/div>\n\t\t\t\t<\/div>\n\t\t\t\t<div class=\"elementor-element elementor-element-1aaf435 elementor-widget elementor-widget-heading\" data-id=\"1aaf435\" data-element_type=\"widget\" data-e-type=\"widget\" data-widget_type=\"heading.default\">\n\t\t\t\t<div class=\"elementor-widget-container\">\n\t\t\t\t\t<h2 class=\"elementor-heading-title elementor-size-default\">Dowolny<\/h2>\t\t\t\t<\/div>\n\t\t\t\t<\/div>\n\t\t\t\t<div class=\"elementor-element elementor-element-fff1cad elementor-widget__width-initial elementor-widget elementor-widget-text-editor\" data-id=\"fff1cad\" data-element_type=\"widget\" data-e-type=\"widget\" data-settings=\"{&quot;_animation&quot;:&quot;none&quot;}\" data-widget_type=\"text-editor.default\">\n\t\t\t\t<div class=\"elementor-widget-container\">\n\t\t\t\t\t\t\t\t\tMIEJSCE\t\t\t\t\t\t\t\t<\/div>\n\t\t\t\t<\/div>\n\t\t\t\t<div class=\"elementor-element elementor-element-be3e36b elementor-widget elementor-widget-heading\" data-id=\"be3e36b\" data-element_type=\"widget\" data-e-type=\"widget\" data-widget_type=\"heading.default\">\n\t\t\t\t<div class=\"elementor-widget-container\">\n\t\t\t\t\t<h2 class=\"elementor-heading-title elementor-size-default\">Dowolne<\/h2>\t\t\t\t<\/div>\n\t\t\t\t<\/div>\n\t\t\t\t<div class=\"elementor-element elementor-element-43be058 elementor-widget__width-initial elementor-widget elementor-widget-text-editor\" data-id=\"43be058\" data-element_type=\"widget\" data-e-type=\"widget\" data-settings=\"{&quot;_animation&quot;:&quot;none&quot;}\" data-widget_type=\"text-editor.default\">\n\t\t\t\t<div class=\"elementor-widget-container\">\n\t\t\t\t\t\t\t\t\tCENA\t\t\t\t\t\t\t\t<\/div>\n\t\t\t\t<\/div>\n\t\t\t\t<div class=\"elementor-element elementor-element-a2bff70 elementor-widget elementor-widget-heading\" data-id=\"a2bff70\" data-element_type=\"widget\" data-e-type=\"widget\" data-widget_type=\"heading.default\">\n\t\t\t\t<div class=\"elementor-widget-container\">\n\t\t\t\t\t<h2 class=\"elementor-heading-title elementor-size-default\">Ustalana indywidualnie<\/h2>\t\t\t\t<\/div>\n\t\t\t\t<\/div>\n\t\t\t\t\t<\/div>\n\t\t<\/div>\n\t\t\t\t\t<\/div>\n\t\t<\/section>\n\t\t\t\t\t<\/div>\n\t\t<\/div>\n\t\t\t\t\t<\/div>\n\t\t<\/section>\n\t\t\t\t<section class=\"elementor-section elementor-top-section elementor-element elementor-element-dd0d7d3 elementor-section-full_width elementor-section-height-default elementor-section-height-default wpr-particle-no wpr-jarallax-no wpr-parallax-no wpr-sticky-section-no wpr-equal-height-no\" data-id=\"dd0d7d3\" data-element_type=\"section\" data-e-type=\"section\" data-settings=\"{&quot;background_background&quot;:&quot;classic&quot;}\">\n\t\t\t\t\t\t<div class=\"elementor-container elementor-column-gap-no\">\n\t\t\t\t\t<div class=\"elementor-column elementor-col-100 elementor-top-column elementor-element elementor-element-59bf941\" data-id=\"59bf941\" data-element_type=\"column\" data-e-type=\"column\">\n\t\t\t<div class=\"elementor-widget-wrap elementor-element-populated\">\n\t\t\t\t\t\t<section class=\"elementor-section elementor-inner-section elementor-element elementor-element-69e30fd elementor-section-boxed elementor-section-height-default elementor-section-height-default wpr-particle-no wpr-jarallax-no wpr-parallax-no wpr-sticky-section-no wpr-equal-height-no\" data-id=\"69e30fd\" data-element_type=\"section\" data-e-type=\"section\">\n\t\t\t\t\t\t<div class=\"elementor-container elementor-column-gap-default\">\n\t\t\t\t\t<div class=\"elementor-column elementor-col-100 elementor-inner-column elementor-element elementor-element-3b65e41 animated-slow\" data-id=\"3b65e41\" data-element_type=\"column\" data-e-type=\"column\" data-settings=\"{&quot;animation&quot;:&quot;none&quot;}\">\n\t\t\t<div class=\"elementor-widget-wrap elementor-element-populated\">\n\t\t\t\t\t\t<div class=\"elementor-element elementor-element-d7959d0 elementor-invisible elementor-widget elementor-widget-heading\" data-id=\"d7959d0\" data-element_type=\"widget\" data-e-type=\"widget\" data-settings=\"{&quot;_animation&quot;:&quot;fadeIn&quot;}\" data-widget_type=\"heading.default\">\n\t\t\t\t<div class=\"elementor-widget-container\">\n\t\t\t\t\t<h2 class=\"elementor-heading-title elementor-size-default\">ZOBACZ, JAK WYGL\u0104DAJ\u0104 NASZE\n<\/h2>\t\t\t\t<\/div>\n\t\t\t\t<\/div>\n\t\t\t\t<div class=\"elementor-element elementor-element-923250f elementor-invisible elementor-widget elementor-widget-heading\" data-id=\"923250f\" data-element_type=\"widget\" data-e-type=\"widget\" data-settings=\"{&quot;_animation&quot;:&quot;fadeIn&quot;,&quot;_animation_delay&quot;:300}\" data-widget_type=\"heading.default\">\n\t\t\t\t<div class=\"elementor-widget-container\">\n\t\t\t\t\t<h2 class=\"elementor-heading-title elementor-size-default\">REJSY<\/h2>\t\t\t\t<\/div>\n\t\t\t\t<\/div>\n\t\t\t\t\t<\/div>\n\t\t<\/div>\n\t\t\t\t\t<\/div>\n\t\t<\/section>\n\t\t\t\t<section class=\"elementor-section elementor-inner-section elementor-element elementor-element-c28f250 elementor-section-boxed elementor-section-height-default elementor-section-height-default wpr-particle-no wpr-jarallax-no wpr-parallax-no wpr-sticky-section-no wpr-equal-height-no\" data-id=\"c28f250\" data-element_type=\"section\" data-e-type=\"section\" data-settings=\"{&quot;animation&quot;:&quot;none&quot;,&quot;animation_delay&quot;:300}\">\n\t\t\t\t\t\t<div class=\"elementor-container elementor-column-gap-default\">\n\t\t\t\t\t<div class=\"elementor-column elementor-col-33 elementor-inner-column elementor-element elementor-element-a4ec8be\" data-id=\"a4ec8be\" data-element_type=\"column\" data-e-type=\"column\" data-settings=\"{&quot;background_background&quot;:&quot;classic&quot;}\">\n\t\t\t<div class=\"elementor-widget-wrap elementor-element-populated\">\n\t\t\t\t<div class=\"elementor-element elementor-element-daef6f7 e-con-full e-flex wpr-particle-no wpr-jarallax-no wpr-parallax-no wpr-sticky-section-no wpr-equal-height-no e-con e-parent\" data-id=\"daef6f7\" data-element_type=\"container\" data-e-type=\"container\" data-settings=\"{&quot;background_background&quot;:&quot;classic&quot;}\">\n\t\t\t\t<\/div>\n\t\t\t\t\t<\/div>\n\t\t<\/div>\n\t\t\t\t<div class=\"elementor-column elementor-col-33 elementor-inner-column elementor-element elementor-element-fe5ebb0\" data-id=\"fe5ebb0\" data-element_type=\"column\" data-e-type=\"column\">\n\t\t\t<div class=\"elementor-widget-wrap elementor-element-populated\">\n\t\t\t\t<div class=\"elementor-element elementor-element-518544e e-flex e-con-boxed wpr-particle-no wpr-jarallax-no wpr-parallax-no wpr-sticky-section-no wpr-equal-height-no e-con e-parent\" data-id=\"518544e\" data-element_type=\"container\" data-e-type=\"container\" data-settings=\"{&quot;background_background&quot;:&quot;classic&quot;}\">\n\t\t\t\t\t<div class=\"e-con-inner\">\n\t\t\t\t\t<\/div>\n\t\t\t\t<\/div>\n\t\t<div class=\"elementor-element elementor-element-ad69e60 e-flex e-con-boxed wpr-particle-no wpr-jarallax-no wpr-parallax-no wpr-sticky-section-no wpr-equal-height-no e-con e-parent\" data-id=\"ad69e60\" data-element_type=\"container\" data-e-type=\"container\" data-settings=\"{&quot;background_background&quot;:&quot;classic&quot;}\">\n\t\t\t\t\t<div class=\"e-con-inner\">\n\t\t\t\t\t<\/div>\n\t\t\t\t<\/div>\n\t\t\t\t\t<\/div>\n\t\t<\/div>\n\t\t\t\t<div class=\"elementor-column elementor-col-33 elementor-inner-column elementor-element elementor-element-f3cf001 elementor-hidden-mobile\" data-id=\"f3cf001\" data-element_type=\"column\" data-e-type=\"column\" data-settings=\"{&quot;background_background&quot;:&quot;classic&quot;}\">\n\t\t\t<div class=\"elementor-widget-wrap elementor-element-populated\">\n\t\t\t\t<div class=\"elementor-element elementor-element-2ead66e e-con-full e-flex wpr-particle-no wpr-jarallax-no wpr-parallax-no wpr-sticky-section-no wpr-equal-height-no e-con e-parent\" data-id=\"2ead66e\" data-element_type=\"container\" data-e-type=\"container\" data-settings=\"{&quot;background_background&quot;:&quot;classic&quot;}\">\n\t\t\t\t<\/div>\n\t\t\t\t\t<\/div>\n\t\t<\/div>\n\t\t\t\t\t<\/div>\n\t\t<\/section>\n\t\t\t\t\t<\/div>\n\t\t<\/div>\n\t\t\t\t\t<\/div>\n\t\t<\/section>\n\t\t\t\t<\/div>\n\t\t","protected":false},"excerpt":{"rendered":"<p>Rejsy szyte na miar\u0119 Masz pomys\u0142 na rejs? Pomo\u017cemy Ci go zrealizowa\u0107! Chcesz przeby\u0107 przygod\u0119 swojego \u017cycia na wodzie ze znajomymi lub rodzin\u0105 i potrzebujesz jachtu ze sternikiem? Dobrze trafi\u0142e\u015b! Zorganizujemy dla Was wszystko od A do Z. Znajdziemy jacht, zaplanujemy tras\u0119, udost\u0119pnimy do\u015bwiadczonego sternika. Rejsy nazywamy \u201eszyte na miar\u0119\u201d, poniewa\u017c czas, miejsce i forma wybierana jest przez Was. Rejs mo\u017ce odby\u0107 si\u0119 w dowolnym zak\u0105tku \u015bwiata na wybranej klasie jachtu lub katamaranu. Skontaktuj si\u0119 Informacje o kursie TERMIN Dowolny MIEJSCE Dowolne CENA Ustalana indywidualnie ZOBACZ, JAK WYGL\u0104DAJ\u0104 NASZE REJSY<\/p>\n","protected":false},"author":1,"featured_media":0,"parent":19,"menu_order":0,"comment_status":"closed","ping_status":"closed","template":"elementor_canvas","meta":{"footnotes":""},"class_list":["post-1980","page","type-page","status-publish","hentry"],"yoast_head":"<!-- This site is optimized with the Yoast SEO plugin v27.4 - https:\/\/yoast.com\/product\/yoast-seo-wordpress\/ -->\n<title>Szyte na miar\u0119 - MatSail<\/title>\n<meta name=\"robots\" content=\"index, follow, max-snippet:-1, max-image-preview:large, max-video-preview:-1\" \/>\n<link rel=\"canonical\" href=\"https:\/\/matsail.com.pl\/index.php\/rejsy\/szyte-na-miare\/\" \/>\n<meta property=\"og:locale\" content=\"pl_PL\" \/>\n<meta property=\"og:type\" content=\"article\" \/>\n<meta property=\"og:title\" content=\"Szyte na miar\u0119 - MatSail\" \/>\n<meta property=\"og:description\" content=\"Rejsy szyte na miar\u0119 Masz pomys\u0142 na rejs? Pomo\u017cemy Ci go zrealizowa\u0107! Chcesz przeby\u0107 przygod\u0119 swojego \u017cycia na wodzie ze znajomymi lub rodzin\u0105 i potrzebujesz jachtu ze sternikiem? Dobrze trafi\u0142e\u015b! Zorganizujemy dla Was wszystko od A do Z. Znajdziemy jacht, zaplanujemy tras\u0119, udost\u0119pnimy do\u015bwiadczonego sternika. Rejsy nazywamy \u201eszyte na miar\u0119\u201d, poniewa\u017c czas, miejsce i forma wybierana jest przez Was. Rejs mo\u017ce odby\u0107 si\u0119 w dowolnym zak\u0105tku \u015bwiata na wybranej klasie jachtu lub katamaranu. Skontaktuj si\u0119 Informacje o kursie TERMIN Dowolny MIEJSCE Dowolne CENA Ustalana indywidualnie ZOBACZ, JAK WYGL\u0104DAJ\u0104 NASZE REJSY\" \/>\n<meta property=\"og:url\" content=\"https:\/\/matsail.com.pl\/index.php\/rejsy\/szyte-na-miare\/\" \/>\n<meta property=\"og:site_name\" content=\"MatSail\" \/>\n<meta property=\"article:modified_time\" content=\"2024-02-17T21:08:41+00:00\" \/>\n<meta name=\"twitter:card\" content=\"summary_large_image\" \/>\n<script type=\"application\/ld+json\" class=\"yoast-schema-graph\">{\"@context\":\"https:\\\/\\\/schema.org\",\"@graph\":[{\"@type\":\"WebPage\",\"@id\":\"https:\\\/\\\/matsail.com.pl\\\/index.php\\\/rejsy\\\/szyte-na-miare\\\/\",\"url\":\"https:\\\/\\\/matsail.com.pl\\\/index.php\\\/rejsy\\\/szyte-na-miare\\\/\",\"name\":\"Szyte na miar\u0119 - MatSail\",\"isPartOf\":{\"@id\":\"https:\\\/\\\/matsail.com.pl\\\/#website\"},\"datePublished\":\"2024-01-25T10:12:02+00:00\",\"dateModified\":\"2024-02-17T21:08:41+00:00\",\"breadcrumb\":{\"@id\":\"https:\\\/\\\/matsail.com.pl\\\/index.php\\\/rejsy\\\/szyte-na-miare\\\/#breadcrumb\"},\"inLanguage\":\"pl-PL\",\"potentialAction\":[{\"@type\":\"ReadAction\",\"target\":[\"https:\\\/\\\/matsail.com.pl\\\/index.php\\\/rejsy\\\/szyte-na-miare\\\/\"]}]},{\"@type\":\"BreadcrumbList\",\"@id\":\"https:\\\/\\\/matsail.com.pl\\\/index.php\\\/rejsy\\\/szyte-na-miare\\\/#breadcrumb\",\"itemListElement\":[{\"@type\":\"ListItem\",\"position\":1,\"name\":\"Strona g\u0142\u00f3wna\",\"item\":\"https:\\\/\\\/matsail.com.pl\\\/\"},{\"@type\":\"ListItem\",\"position\":2,\"name\":\"Rejsy\",\"item\":\"https:\\\/\\\/matsail.com.pl\\\/index.php\\\/rejsy\\\/\"},{\"@type\":\"ListItem\",\"position\":3,\"name\":\"Szyte na miar\u0119\"}]},{\"@type\":\"WebSite\",\"@id\":\"https:\\\/\\\/matsail.com.pl\\\/#website\",\"url\":\"https:\\\/\\\/matsail.com.pl\\\/\",\"name\":\"MatSail\",\"description\":\"\",\"potentialAction\":[{\"@type\":\"SearchAction\",\"target\":{\"@type\":\"EntryPoint\",\"urlTemplate\":\"https:\\\/\\\/matsail.com.pl\\\/?s={search_term_string}\"},\"query-input\":{\"@type\":\"PropertyValueSpecification\",\"valueRequired\":true,\"valueName\":\"search_term_string\"}}],\"inLanguage\":\"pl-PL\"}]}<\/script>\n<!-- \/ Yoast SEO plugin. -->","yoast_head_json":{"title":"Szyte na miar\u0119 - MatSail","robots":{"index":"index","follow":"follow","max-snippet":"max-snippet:-1","max-image-preview":"max-image-preview:large","max-video-preview":"max-video-preview:-1"},"canonical":"https:\/\/matsail.com.pl\/index.php\/rejsy\/szyte-na-miare\/","og_locale":"pl_PL","og_type":"article","og_title":"Szyte na miar\u0119 - MatSail","og_description":"Rejsy szyte na miar\u0119 Masz pomys\u0142 na rejs? Pomo\u017cemy Ci go zrealizowa\u0107! Chcesz przeby\u0107 przygod\u0119 swojego \u017cycia na wodzie ze znajomymi lub rodzin\u0105 i potrzebujesz jachtu ze sternikiem? Dobrze trafi\u0142e\u015b! Zorganizujemy dla Was wszystko od A do Z. Znajdziemy jacht, zaplanujemy tras\u0119, udost\u0119pnimy do\u015bwiadczonego sternika. Rejsy nazywamy \u201eszyte na miar\u0119\u201d, poniewa\u017c czas, miejsce i forma wybierana jest przez Was. Rejs mo\u017ce odby\u0107 si\u0119 w dowolnym zak\u0105tku \u015bwiata na wybranej klasie jachtu lub katamaranu. Skontaktuj si\u0119 Informacje o kursie TERMIN Dowolny MIEJSCE Dowolne CENA Ustalana indywidualnie ZOBACZ, JAK WYGL\u0104DAJ\u0104 NASZE REJSY","og_url":"https:\/\/matsail.com.pl\/index.php\/rejsy\/szyte-na-miare\/","og_site_name":"MatSail","article_modified_time":"2024-02-17T21:08:41+00:00","twitter_card":"summary_large_image","schema":{"@context":"https:\/\/schema.org","@graph":[{"@type":"WebPage","@id":"https:\/\/matsail.com.pl\/index.php\/rejsy\/szyte-na-miare\/","url":"https:\/\/matsail.com.pl\/index.php\/rejsy\/szyte-na-miare\/","name":"Szyte na miar\u0119 - MatSail","isPartOf":{"@id":"https:\/\/matsail.com.pl\/#website"},"datePublished":"2024-01-25T10:12:02+00:00","dateModified":"2024-02-17T21:08:41+00:00","breadcrumb":{"@id":"https:\/\/matsail.com.pl\/index.php\/rejsy\/szyte-na-miare\/#breadcrumb"},"inLanguage":"pl-PL","potentialAction":[{"@type":"ReadAction","target":["https:\/\/matsail.com.pl\/index.php\/rejsy\/szyte-na-miare\/"]}]},{"@type":"BreadcrumbList","@id":"https:\/\/matsail.com.pl\/index.php\/rejsy\/szyte-na-miare\/#breadcrumb","itemListElement":[{"@type":"ListItem","position":1,"name":"Strona g\u0142\u00f3wna","item":"https:\/\/matsail.com.pl\/"},{"@type":"ListItem","position":2,"name":"Rejsy","item":"https:\/\/matsail.com.pl\/index.php\/rejsy\/"},{"@type":"ListItem","position":3,"name":"Szyte na miar\u0119"}]},{"@type":"WebSite","@id":"https:\/\/matsail.com.pl\/#website","url":"https:\/\/matsail.com.pl\/","name":"MatSail","description":"","potentialAction":[{"@type":"SearchAction","target":{"@type":"EntryPoint","urlTemplate":"https:\/\/matsail.com.pl\/?s={search_term_string}"},"query-input":{"@type":"PropertyValueSpecification","valueRequired":true,"valueName":"search_term_string"}}],"inLanguage":"pl-PL"}]}},"_links":{"self":[{"href":"https:\/\/matsail.com.pl\/index.php\/wp-json\/wp\/v2\/pages\/1980","targetHints":{"allow":["GET"]}}],"collection":[{"href":"https:\/\/matsail.com.pl\/index.php\/wp-json\/wp\/v2\/pages"}],"about":[{"href":"https:\/\/matsail.com.pl\/index.php\/wp-json\/wp\/v2\/types\/page"}],"author":[{"embeddable":true,"href":"https:\/\/matsail.com.pl\/index.php\/wp-json\/wp\/v2\/users\/1"}],"replies":[{"embeddable":true,"href":"https:\/\/matsail.com.pl\/index.php\/wp-json\/wp\/v2\/comments?post=1980"}],"version-history":[{"count":41,"href":"https:\/\/matsail.com.pl\/index.php\/wp-json\/wp\/v2\/pages\/1980\/revisions"}],"predecessor-version":[{"id":3483,"href":"https:\/\/matsail.com.pl\/index.php\/wp-json\/wp\/v2\/pages\/1980\/revisions\/3483"}],"up":[{"embeddable":true,"href":"https:\/\/matsail.com.pl\/index.php\/wp-json\/wp\/v2\/pages\/19"}],"wp:attachment":[{"href":"https:\/\/matsail.com.pl\/index.php\/wp-json\/wp\/v2\/media?parent=1980"}],"curies":[{"name":"wp","href":"https:\/\/api.w.org\/{rel}","templated":true}]}}