{"id":1974,"date":"2024-01-25T10:01:42","date_gmt":"2024-01-25T10:01:42","guid":{"rendered":"https:\/\/matsail.com.pl\/?page_id=1974"},"modified":"2024-02-16T14:45:22","modified_gmt":"2024-02-16T14:45:22","slug":"szkolenie-kapitanskie","status":"publish","type":"page","link":"https:\/\/matsail.com.pl\/index.php\/kursy\/szkolenie-kapitanskie\/","title":{"rendered":"Szkolenie kapita\u0144skie"},"content":{"rendered":"\t\t<div data-elementor-type=\"wp-page\" data-elementor-id=\"1974\" class=\"elementor elementor-1974\">\n\t\t\t\t\t\t<section class=\"elementor-section elementor-top-section elementor-element elementor-element-2930750 elementor-section-boxed elementor-section-height-default elementor-section-height-default wpr-particle-no wpr-jarallax-no wpr-parallax-no wpr-sticky-section-no wpr-equal-height-no\" data-id=\"2930750\" data-element_type=\"section\" data-e-type=\"section\" data-settings=\"{&quot;background_background&quot;:&quot;classic&quot;}\">\n\t\t\t\t\t\t\t<div class=\"elementor-background-overlay\"><\/div>\n\t\t\t\t\t\t\t<div class=\"elementor-container elementor-column-gap-default\">\n\t\t\t\t\t<div class=\"elementor-column elementor-col-100 elementor-top-column elementor-element elementor-element-924e8cb\" data-id=\"924e8cb\" data-element_type=\"column\" data-e-type=\"column\">\n\t\t\t<div class=\"elementor-widget-wrap elementor-element-populated\">\n\t\t\t\t\t\t<div class=\"elementor-element elementor-element-5d38e32 elementor-widget elementor-widget-heading\" data-id=\"5d38e32\" data-element_type=\"widget\" data-e-type=\"widget\" data-widget_type=\"heading.default\">\n\t\t\t\t<div class=\"elementor-widget-container\">\n\t\t\t\t\t<h2 class=\"elementor-heading-title elementor-size-default\">Szkolenie kapita\u0144skie<\/h2>\t\t\t\t<\/div>\n\t\t\t\t<\/div>\n\t\t\t\t\t<\/div>\n\t\t<\/div>\n\t\t\t\t\t<\/div>\n\t\t<\/section>\n\t\t\t\t<section class=\"elementor-section elementor-top-section elementor-element elementor-element-b7f30dd elementor-section-content-top elementor-reverse-mobile elementor-section-boxed elementor-section-height-default elementor-section-height-default wpr-particle-no wpr-jarallax-no wpr-parallax-no wpr-sticky-section-no wpr-equal-height-no\" data-id=\"b7f30dd\" data-element_type=\"section\" data-e-type=\"section\">\n\t\t\t\t\t\t<div class=\"elementor-container elementor-column-gap-no\">\n\t\t\t\t\t<div class=\"elementor-column elementor-col-50 elementor-top-column elementor-element elementor-element-0cc1e5e\" data-id=\"0cc1e5e\" data-element_type=\"column\" data-e-type=\"column\">\n\t\t\t<div class=\"elementor-widget-wrap elementor-element-populated\">\n\t\t\t\t\t\t<section class=\"elementor-section elementor-inner-section elementor-element elementor-element-3441511 elementor-section-boxed elementor-section-height-default elementor-section-height-default wpr-particle-no wpr-jarallax-no wpr-parallax-no wpr-sticky-section-no wpr-equal-height-no\" data-id=\"3441511\" data-element_type=\"section\" data-e-type=\"section\">\n\t\t\t\t\t\t<div class=\"elementor-container elementor-column-gap-no\">\n\t\t\t\t\t<div class=\"elementor-column elementor-col-100 elementor-inner-column elementor-element elementor-element-df40d7c\" data-id=\"df40d7c\" data-element_type=\"column\" data-e-type=\"column\">\n\t\t\t<div class=\"elementor-widget-wrap elementor-element-populated\">\n\t\t\t\t\t\t<div class=\"elementor-element elementor-element-0ca1abc elementor-widget elementor-widget-heading\" data-id=\"0ca1abc\" data-element_type=\"widget\" data-e-type=\"widget\" data-widget_type=\"heading.default\">\n\t\t\t\t<div class=\"elementor-widget-container\">\n\t\t\t\t\t<h2 class=\"elementor-heading-title elementor-size-default\">Opis kursu<\/h2>\t\t\t\t<\/div>\n\t\t\t\t<\/div>\n\t\t\t\t<div class=\"elementor-element elementor-element-134dfb8 elementor-widget__width-initial elementor-widget elementor-widget-text-editor\" data-id=\"134dfb8\" data-element_type=\"widget\" data-e-type=\"widget\" data-settings=\"{&quot;_animation&quot;:&quot;none&quot;}\" data-widget_type=\"text-editor.default\">\n\t\t\t\t<div class=\"elementor-widget-container\">\n\t\t\t\t\t\t\t\t\t<p>Masz ju\u017c patent i chcesz zorganizowa\u0107 sw\u00f3j pierwszy rejs? Czy na pewno jeste\u015b na to gotowy? Cykl szkole\u0144 kapita\u0144skich to idealne rozwi\u0105zanie dla os\u00f3b, kt\u00f3re chcia\u0142yby si\u0119 sprawdzi\u0107 w roli kapitana pod okiem do\u015bwiadczonego instruktora. Wyp\u0142ywamy w rejs, podczas kt\u00f3rego za\u0142oga zmierzy si\u0119 z problemami osoby prowadz\u0105cej rejs. Nauczymy Ci\u0119 planowa\u0107 tras\u0119, poznasz zasady o kt\u00f3rych trzeba pami\u0119ta\u0107 podczas odbioru oraz zdania jachtu. Ka\u017cdy uczestnik b\u0119dzie mia\u0142 r\u00f3wnie\u017c za zadanie zaplanowa\u0107 oraz poprowadzi\u0107 pewien odcinek rejsu. Rekomendujemy zg\u0142aszanie si\u0119 w grupach &#8211; \u0142atwiej dopasowa\u0107 poziom i przebieg szkolenia<\/p>\t\t\t\t\t\t\t\t<\/div>\n\t\t\t\t<\/div>\n\t\t\t\t\t<\/div>\n\t\t<\/div>\n\t\t\t\t\t<\/div>\n\t\t<\/section>\n\t\t\t\t\t<\/div>\n\t\t<\/div>\n\t\t\t\t<div class=\"elementor-column elementor-col-50 elementor-top-column elementor-element elementor-element-88a8392\" data-id=\"88a8392\" data-element_type=\"column\" data-e-type=\"column\" data-settings=\"{&quot;background_background&quot;:&quot;classic&quot;}\">\n\t\t\t<div class=\"elementor-widget-wrap elementor-element-populated\">\n\t\t\t\t\t\t<section class=\"elementor-section elementor-inner-section elementor-element elementor-element-212c5f7 elementor-section-boxed elementor-section-height-default elementor-section-height-default wpr-particle-no wpr-jarallax-no wpr-parallax-no wpr-sticky-section-no wpr-equal-height-no elementor-invisible\" data-id=\"212c5f7\" data-element_type=\"section\" data-e-type=\"section\" data-settings=\"{&quot;animation&quot;:&quot;fadeIn&quot;}\">\n\t\t\t\t\t\t<div class=\"elementor-container elementor-column-gap-no\">\n\t\t\t\t\t<div class=\"elementor-column elementor-col-100 elementor-inner-column elementor-element elementor-element-733eebb\" data-id=\"733eebb\" data-element_type=\"column\" data-e-type=\"column\" data-settings=\"{&quot;background_background&quot;:&quot;classic&quot;}\">\n\t\t\t<div class=\"elementor-widget-wrap elementor-element-populated\">\n\t\t\t\t\t\t<div class=\"elementor-element elementor-element-3857fcd elementor-widget elementor-widget-heading\" data-id=\"3857fcd\" data-element_type=\"widget\" data-e-type=\"widget\" data-widget_type=\"heading.default\">\n\t\t\t\t<div class=\"elementor-widget-container\">\n\t\t\t\t\t<h2 class=\"elementor-heading-title elementor-size-default\">Informacje o kursie<\/h2>\t\t\t\t<\/div>\n\t\t\t\t<\/div>\n\t\t\t\t<div class=\"elementor-element elementor-element-970c83b elementor-widget__width-initial elementor-widget elementor-widget-text-editor\" data-id=\"970c83b\" data-element_type=\"widget\" data-e-type=\"widget\" data-settings=\"{&quot;_animation&quot;:&quot;none&quot;}\" data-widget_type=\"text-editor.default\">\n\t\t\t\t<div class=\"elementor-widget-container\">\n\t\t\t\t\t\t\t\t\tTERMIN\t\t\t\t\t\t\t\t<\/div>\n\t\t\t\t<\/div>\n\t\t\t\t<div class=\"elementor-element elementor-element-552811f elementor-widget elementor-widget-heading\" data-id=\"552811f\" data-element_type=\"widget\" data-e-type=\"widget\" data-widget_type=\"heading.default\">\n\t\t\t\t<div class=\"elementor-widget-container\">\n\t\t\t\t\t<h2 class=\"elementor-heading-title elementor-size-default\">Kwiecie\u0144 - Listopad<\/h2>\t\t\t\t<\/div>\n\t\t\t\t<\/div>\n\t\t\t\t<div class=\"elementor-element elementor-element-2297ebc elementor-widget__width-initial elementor-widget elementor-widget-text-editor\" data-id=\"2297ebc\" data-element_type=\"widget\" data-e-type=\"widget\" data-settings=\"{&quot;_animation&quot;:&quot;none&quot;}\" data-widget_type=\"text-editor.default\">\n\t\t\t\t<div class=\"elementor-widget-container\">\n\t\t\t\t\t\t\t\t\tMIEJSCE\t\t\t\t\t\t\t\t<\/div>\n\t\t\t\t<\/div>\n\t\t\t\t<div class=\"elementor-element elementor-element-af2625b elementor-widget elementor-widget-heading\" data-id=\"af2625b\" data-element_type=\"widget\" data-e-type=\"widget\" data-widget_type=\"heading.default\">\n\t\t\t\t<div class=\"elementor-widget-container\">\n\t\t\t\t\t<h2 class=\"elementor-heading-title elementor-size-default\">Gdynia i zatoka Gda\u0144ska<\/h2>\t\t\t\t<\/div>\n\t\t\t\t<\/div>\n\t\t\t\t<div class=\"elementor-element elementor-element-90cf903 elementor-widget__width-initial elementor-widget elementor-widget-text-editor\" data-id=\"90cf903\" data-element_type=\"widget\" data-e-type=\"widget\" data-settings=\"{&quot;_animation&quot;:&quot;none&quot;}\" data-widget_type=\"text-editor.default\">\n\t\t\t\t<div class=\"elementor-widget-container\">\n\t\t\t\t\t\t\t\t\tTRYB KURSU\t\t\t\t\t\t\t\t<\/div>\n\t\t\t\t<\/div>\n\t\t\t\t<div class=\"elementor-element elementor-element-01ddb27 elementor-widget elementor-widget-heading\" data-id=\"01ddb27\" data-element_type=\"widget\" data-e-type=\"widget\" data-widget_type=\"heading.default\">\n\t\t\t\t<div class=\"elementor-widget-container\">\n\t\t\t\t\t<h2 class=\"elementor-heading-title elementor-size-default\">Rejs 3-dniowy lub tygodniowy<\/h2>\t\t\t\t<\/div>\n\t\t\t\t<\/div>\n\t\t\t\t<div class=\"elementor-element elementor-element-648c2fe elementor-widget__width-initial elementor-widget elementor-widget-text-editor\" data-id=\"648c2fe\" data-element_type=\"widget\" data-e-type=\"widget\" data-settings=\"{&quot;_animation&quot;:&quot;none&quot;}\" data-widget_type=\"text-editor.default\">\n\t\t\t\t<div class=\"elementor-widget-container\">\n\t\t\t\t\t\t\t\t\tCENA\t\t\t\t\t\t\t\t<\/div>\n\t\t\t\t<\/div>\n\t\t\t\t<div class=\"elementor-element elementor-element-5d63fe7 elementor-widget elementor-widget-heading\" data-id=\"5d63fe7\" data-element_type=\"widget\" data-e-type=\"widget\" data-widget_type=\"heading.default\">\n\t\t\t\t<div class=\"elementor-widget-container\">\n\t\t\t\t\t<h2 class=\"elementor-heading-title elementor-size-default\">Ustalana indywidualnie\u200b<\/h2>\t\t\t\t<\/div>\n\t\t\t\t<\/div>\n\t\t<div class=\"elementor-element elementor-element-26c0f83 e-flex e-con-boxed wpr-particle-no wpr-jarallax-no wpr-parallax-no wpr-sticky-section-no wpr-equal-height-no e-con e-parent\" data-id=\"26c0f83\" data-element_type=\"container\" data-e-type=\"container\">\n\t\t\t\t\t<div class=\"e-con-inner\">\n\t\t\t\t<div class=\"elementor-element elementor-element-f814a50 elementor-widget elementor-widget-heading\" data-id=\"f814a50\" data-element_type=\"widget\" data-e-type=\"widget\" data-widget_type=\"heading.default\">\n\t\t\t\t<div class=\"elementor-widget-container\">\n\t\t\t\t\t<h2 class=\"elementor-heading-title elementor-size-default\">*cena nie zawiera wy\u017cywienia<\/h2>\t\t\t\t<\/div>\n\t\t\t\t<\/div>\n\t\t\t\t<div class=\"elementor-element elementor-element-f7fd565 elementor-widget elementor-widget-heading\" data-id=\"f7fd565\" data-element_type=\"widget\" data-e-type=\"widget\" data-widget_type=\"heading.default\">\n\t\t\t\t<div class=\"elementor-widget-container\">\n\t\t\t\t\t<h2 class=\"elementor-heading-title elementor-size-default\">* rabat w przypadku zg\u0142oszenia grupy <\/h2>\t\t\t\t<\/div>\n\t\t\t\t<\/div>\n\t\t\t\t\t<\/div>\n\t\t\t\t<\/div>\n\t\t\t\t\t<\/div>\n\t\t<\/div>\n\t\t\t\t\t<\/div>\n\t\t<\/section>\n\t\t\t\t\t<\/div>\n\t\t<\/div>\n\t\t\t\t\t<\/div>\n\t\t<\/section>\n\t\t\t\t<section class=\"elementor-section elementor-top-section elementor-element elementor-element-09e8c84 elementor-section-full_width elementor-section-height-default elementor-section-height-default wpr-particle-no wpr-jarallax-no wpr-parallax-no wpr-sticky-section-no wpr-equal-height-no\" data-id=\"09e8c84\" data-element_type=\"section\" data-e-type=\"section\" data-settings=\"{&quot;background_background&quot;:&quot;classic&quot;}\">\n\t\t\t\t\t\t<div class=\"elementor-container elementor-column-gap-no\">\n\t\t\t\t\t<div class=\"elementor-column elementor-col-100 elementor-top-column elementor-element elementor-element-cfffe0d\" data-id=\"cfffe0d\" data-element_type=\"column\" data-e-type=\"column\">\n\t\t\t<div class=\"elementor-widget-wrap elementor-element-populated\">\n\t\t\t\t\t\t<section class=\"elementor-section elementor-inner-section elementor-element elementor-element-edbdfe5 elementor-section-boxed elementor-section-height-default elementor-section-height-default wpr-particle-no wpr-jarallax-no wpr-parallax-no wpr-sticky-section-no wpr-equal-height-no\" data-id=\"edbdfe5\" data-element_type=\"section\" data-e-type=\"section\">\n\t\t\t\t\t\t<div class=\"elementor-container elementor-column-gap-default\">\n\t\t\t\t\t<div class=\"elementor-column elementor-col-100 elementor-inner-column elementor-element elementor-element-b935b73 animated-slow\" data-id=\"b935b73\" data-element_type=\"column\" data-e-type=\"column\" data-settings=\"{&quot;animation&quot;:&quot;none&quot;}\">\n\t\t\t<div class=\"elementor-widget-wrap elementor-element-populated\">\n\t\t\t\t\t\t<div class=\"elementor-element elementor-element-707bda4 elementor-invisible elementor-widget elementor-widget-heading\" data-id=\"707bda4\" data-element_type=\"widget\" data-e-type=\"widget\" data-settings=\"{&quot;_animation&quot;:&quot;fadeIn&quot;}\" data-widget_type=\"heading.default\">\n\t\t\t\t<div class=\"elementor-widget-container\">\n\t\t\t\t\t<h2 class=\"elementor-heading-title elementor-size-default\">ZOBACZ, JAK WYGL\u0104DAJ\u0104 NASZE\n<\/h2>\t\t\t\t<\/div>\n\t\t\t\t<\/div>\n\t\t\t\t<div class=\"elementor-element elementor-element-fba7026 elementor-invisible elementor-widget elementor-widget-heading\" data-id=\"fba7026\" data-element_type=\"widget\" data-e-type=\"widget\" data-settings=\"{&quot;_animation&quot;:&quot;fadeIn&quot;,&quot;_animation_delay&quot;:300}\" data-widget_type=\"heading.default\">\n\t\t\t\t<div class=\"elementor-widget-container\">\n\t\t\t\t\t<h2 class=\"elementor-heading-title elementor-size-default\">KURSY<\/h2>\t\t\t\t<\/div>\n\t\t\t\t<\/div>\n\t\t\t\t\t<\/div>\n\t\t<\/div>\n\t\t\t\t\t<\/div>\n\t\t<\/section>\n\t\t\t\t<section class=\"elementor-section elementor-inner-section elementor-element elementor-element-b073307 elementor-section-boxed elementor-section-height-default elementor-section-height-default wpr-particle-no wpr-jarallax-no wpr-parallax-no wpr-sticky-section-no wpr-equal-height-no\" data-id=\"b073307\" data-element_type=\"section\" data-e-type=\"section\" data-settings=\"{&quot;animation&quot;:&quot;none&quot;,&quot;animation_delay&quot;:300}\">\n\t\t\t\t\t\t<div class=\"elementor-container elementor-column-gap-default\">\n\t\t\t\t\t<div class=\"elementor-column elementor-col-33 elementor-inner-column elementor-element elementor-element-20a722d\" data-id=\"20a722d\" data-element_type=\"column\" data-e-type=\"column\" data-settings=\"{&quot;background_background&quot;:&quot;classic&quot;}\">\n\t\t\t<div class=\"elementor-widget-wrap elementor-element-populated\">\n\t\t\t\t<div class=\"elementor-element elementor-element-ef0f56f e-con-full e-flex wpr-particle-no wpr-jarallax-no wpr-parallax-no wpr-sticky-section-no wpr-equal-height-no e-con e-parent\" data-id=\"ef0f56f\" data-element_type=\"container\" data-e-type=\"container\" data-settings=\"{&quot;background_background&quot;:&quot;classic&quot;}\">\n\t\t\t\t<\/div>\n\t\t\t\t\t<\/div>\n\t\t<\/div>\n\t\t\t\t<div class=\"elementor-column elementor-col-33 elementor-inner-column elementor-element elementor-element-0f6d318\" data-id=\"0f6d318\" data-element_type=\"column\" data-e-type=\"column\">\n\t\t\t<div class=\"elementor-widget-wrap elementor-element-populated\">\n\t\t\t\t<div class=\"elementor-element elementor-element-fe17cc3 e-flex e-con-boxed wpr-particle-no wpr-jarallax-no wpr-parallax-no wpr-sticky-section-no wpr-equal-height-no e-con e-parent\" data-id=\"fe17cc3\" data-element_type=\"container\" data-e-type=\"container\" data-settings=\"{&quot;background_background&quot;:&quot;classic&quot;}\">\n\t\t\t\t\t<div class=\"e-con-inner\">\n\t\t\t\t\t<\/div>\n\t\t\t\t<\/div>\n\t\t<div class=\"elementor-element elementor-element-c23f0a6 e-flex e-con-boxed wpr-particle-no wpr-jarallax-no wpr-parallax-no wpr-sticky-section-no wpr-equal-height-no e-con e-parent\" data-id=\"c23f0a6\" data-element_type=\"container\" data-e-type=\"container\" data-settings=\"{&quot;background_background&quot;:&quot;classic&quot;}\">\n\t\t\t\t\t<div class=\"e-con-inner\">\n\t\t\t\t\t<\/div>\n\t\t\t\t<\/div>\n\t\t\t\t\t<\/div>\n\t\t<\/div>\n\t\t\t\t<div class=\"elementor-column elementor-col-33 elementor-inner-column elementor-element elementor-element-61fe32b elementor-hidden-mobile\" data-id=\"61fe32b\" data-element_type=\"column\" data-e-type=\"column\" data-settings=\"{&quot;background_background&quot;:&quot;classic&quot;}\">\n\t\t\t<div class=\"elementor-widget-wrap elementor-element-populated\">\n\t\t\t\t<div class=\"elementor-element elementor-element-6936439 e-con-full e-flex wpr-particle-no wpr-jarallax-no wpr-parallax-no wpr-sticky-section-no wpr-equal-height-no e-con e-parent\" data-id=\"6936439\" data-element_type=\"container\" data-e-type=\"container\" data-settings=\"{&quot;background_background&quot;:&quot;classic&quot;}\">\n\t\t\t\t<\/div>\n\t\t\t\t\t<\/div>\n\t\t<\/div>\n\t\t\t\t\t<\/div>\n\t\t<\/section>\n\t\t\t\t\t<\/div>\n\t\t<\/div>\n\t\t\t\t\t<\/div>\n\t\t<\/section>\n\t\t\t\t<\/div>\n\t\t","protected":false},"excerpt":{"rendered":"<p>Szkolenie kapita\u0144skie Opis kursu Masz ju\u017c patent i chcesz zorganizowa\u0107 sw\u00f3j pierwszy rejs? Czy na pewno jeste\u015b na to gotowy? Cykl szkole\u0144 kapita\u0144skich to idealne rozwi\u0105zanie dla os\u00f3b, kt\u00f3re chcia\u0142yby si\u0119 sprawdzi\u0107 w roli kapitana pod okiem do\u015bwiadczonego instruktora. Wyp\u0142ywamy w rejs, podczas kt\u00f3rego za\u0142oga zmierzy si\u0119 z problemami osoby prowadz\u0105cej rejs. Nauczymy Ci\u0119 planowa\u0107 tras\u0119, poznasz zasady o kt\u00f3rych trzeba pami\u0119ta\u0107 podczas odbioru oraz zdania jachtu. Ka\u017cdy uczestnik b\u0119dzie mia\u0142 r\u00f3wnie\u017c za zadanie zaplanowa\u0107 oraz poprowadzi\u0107 pewien odcinek rejsu. Rekomendujemy zg\u0142aszanie si\u0119 w grupach &#8211; \u0142atwiej dopasowa\u0107 poziom i przebieg szkolenia Informacje o kursie TERMIN Kwiecie\u0144 &#8211; Listopad MIEJSCE Gdynia i zatoka Gda\u0144ska TRYB KURSU Rejs 3-dniowy lub tygodniowy CENA Ustalana indywidualnie\u200b *cena nie zawiera wy\u017cywienia * rabat w przypadku zg\u0142oszenia grupy ZOBACZ, JAK WYGL\u0104DAJ\u0104 NASZE KURSY<\/p>\n","protected":false},"author":1,"featured_media":0,"parent":1863,"menu_order":0,"comment_status":"closed","ping_status":"closed","template":"elementor_canvas","meta":{"footnotes":""},"class_list":["post-1974","page","type-page","status-publish","hentry"],"yoast_head":"<!-- This site is optimized with the Yoast SEO plugin v27.4 - https:\/\/yoast.com\/product\/yoast-seo-wordpress\/ -->\n<title>Szkolenie kapita\u0144skie - MatSail<\/title>\n<meta name=\"robots\" content=\"index, follow, max-snippet:-1, max-image-preview:large, max-video-preview:-1\" \/>\n<link rel=\"canonical\" href=\"https:\/\/matsail.com.pl\/index.php\/kursy\/szkolenie-kapitanskie\/\" \/>\n<meta property=\"og:locale\" content=\"pl_PL\" \/>\n<meta property=\"og:type\" content=\"article\" \/>\n<meta property=\"og:title\" content=\"Szkolenie kapita\u0144skie - MatSail\" \/>\n<meta property=\"og:description\" content=\"Szkolenie kapita\u0144skie Opis kursu Masz ju\u017c patent i chcesz zorganizowa\u0107 sw\u00f3j pierwszy rejs? Czy na pewno jeste\u015b na to gotowy? Cykl szkole\u0144 kapita\u0144skich to idealne rozwi\u0105zanie dla os\u00f3b, kt\u00f3re chcia\u0142yby si\u0119 sprawdzi\u0107 w roli kapitana pod okiem do\u015bwiadczonego instruktora. Wyp\u0142ywamy w rejs, podczas kt\u00f3rego za\u0142oga zmierzy si\u0119 z problemami osoby prowadz\u0105cej rejs. Nauczymy Ci\u0119 planowa\u0107 tras\u0119, poznasz zasady o kt\u00f3rych trzeba pami\u0119ta\u0107 podczas odbioru oraz zdania jachtu. Ka\u017cdy uczestnik b\u0119dzie mia\u0142 r\u00f3wnie\u017c za zadanie zaplanowa\u0107 oraz poprowadzi\u0107 pewien odcinek rejsu. Rekomendujemy zg\u0142aszanie si\u0119 w grupach &#8211; \u0142atwiej dopasowa\u0107 poziom i przebieg szkolenia Informacje o kursie TERMIN Kwiecie\u0144 &#8211; Listopad MIEJSCE Gdynia i zatoka Gda\u0144ska TRYB KURSU Rejs 3-dniowy lub tygodniowy CENA Ustalana indywidualnie\u200b *cena nie zawiera wy\u017cywienia * rabat w przypadku zg\u0142oszenia grupy ZOBACZ, JAK WYGL\u0104DAJ\u0104 NASZE KURSY\" \/>\n<meta property=\"og:url\" content=\"https:\/\/matsail.com.pl\/index.php\/kursy\/szkolenie-kapitanskie\/\" \/>\n<meta property=\"og:site_name\" content=\"MatSail\" \/>\n<meta property=\"article:modified_time\" content=\"2024-02-16T14:45:22+00:00\" \/>\n<meta name=\"twitter:card\" content=\"summary_large_image\" \/>\n<meta name=\"twitter:label1\" content=\"Szacowany czas czytania\" \/>\n\t<meta name=\"twitter:data1\" content=\"1 minuta\" \/>\n<script type=\"application\/ld+json\" class=\"yoast-schema-graph\">{\"@context\":\"https:\\\/\\\/schema.org\",\"@graph\":[{\"@type\":\"WebPage\",\"@id\":\"https:\\\/\\\/matsail.com.pl\\\/index.php\\\/kursy\\\/szkolenie-kapitanskie\\\/\",\"url\":\"https:\\\/\\\/matsail.com.pl\\\/index.php\\\/kursy\\\/szkolenie-kapitanskie\\\/\",\"name\":\"Szkolenie kapita\u0144skie - MatSail\",\"isPartOf\":{\"@id\":\"https:\\\/\\\/matsail.com.pl\\\/#website\"},\"datePublished\":\"2024-01-25T10:01:42+00:00\",\"dateModified\":\"2024-02-16T14:45:22+00:00\",\"breadcrumb\":{\"@id\":\"https:\\\/\\\/matsail.com.pl\\\/index.php\\\/kursy\\\/szkolenie-kapitanskie\\\/#breadcrumb\"},\"inLanguage\":\"pl-PL\",\"potentialAction\":[{\"@type\":\"ReadAction\",\"target\":[\"https:\\\/\\\/matsail.com.pl\\\/index.php\\\/kursy\\\/szkolenie-kapitanskie\\\/\"]}]},{\"@type\":\"BreadcrumbList\",\"@id\":\"https:\\\/\\\/matsail.com.pl\\\/index.php\\\/kursy\\\/szkolenie-kapitanskie\\\/#breadcrumb\",\"itemListElement\":[{\"@type\":\"ListItem\",\"position\":1,\"name\":\"Strona g\u0142\u00f3wna\",\"item\":\"https:\\\/\\\/matsail.com.pl\\\/\"},{\"@type\":\"ListItem\",\"position\":2,\"name\":\"Kursy\",\"item\":\"https:\\\/\\\/matsail.com.pl\\\/index.php\\\/kursy\\\/\"},{\"@type\":\"ListItem\",\"position\":3,\"name\":\"Szkolenie kapita\u0144skie\"}]},{\"@type\":\"WebSite\",\"@id\":\"https:\\\/\\\/matsail.com.pl\\\/#website\",\"url\":\"https:\\\/\\\/matsail.com.pl\\\/\",\"name\":\"MatSail\",\"description\":\"\",\"potentialAction\":[{\"@type\":\"SearchAction\",\"target\":{\"@type\":\"EntryPoint\",\"urlTemplate\":\"https:\\\/\\\/matsail.com.pl\\\/?s={search_term_string}\"},\"query-input\":{\"@type\":\"PropertyValueSpecification\",\"valueRequired\":true,\"valueName\":\"search_term_string\"}}],\"inLanguage\":\"pl-PL\"}]}<\/script>\n<!-- \/ Yoast SEO plugin. -->","yoast_head_json":{"title":"Szkolenie kapita\u0144skie - MatSail","robots":{"index":"index","follow":"follow","max-snippet":"max-snippet:-1","max-image-preview":"max-image-preview:large","max-video-preview":"max-video-preview:-1"},"canonical":"https:\/\/matsail.com.pl\/index.php\/kursy\/szkolenie-kapitanskie\/","og_locale":"pl_PL","og_type":"article","og_title":"Szkolenie kapita\u0144skie - MatSail","og_description":"Szkolenie kapita\u0144skie Opis kursu Masz ju\u017c patent i chcesz zorganizowa\u0107 sw\u00f3j pierwszy rejs? Czy na pewno jeste\u015b na to gotowy? Cykl szkole\u0144 kapita\u0144skich to idealne rozwi\u0105zanie dla os\u00f3b, kt\u00f3re chcia\u0142yby si\u0119 sprawdzi\u0107 w roli kapitana pod okiem do\u015bwiadczonego instruktora. Wyp\u0142ywamy w rejs, podczas kt\u00f3rego za\u0142oga zmierzy si\u0119 z problemami osoby prowadz\u0105cej rejs. Nauczymy Ci\u0119 planowa\u0107 tras\u0119, poznasz zasady o kt\u00f3rych trzeba pami\u0119ta\u0107 podczas odbioru oraz zdania jachtu. Ka\u017cdy uczestnik b\u0119dzie mia\u0142 r\u00f3wnie\u017c za zadanie zaplanowa\u0107 oraz poprowadzi\u0107 pewien odcinek rejsu. Rekomendujemy zg\u0142aszanie si\u0119 w grupach &#8211; \u0142atwiej dopasowa\u0107 poziom i przebieg szkolenia Informacje o kursie TERMIN Kwiecie\u0144 &#8211; Listopad MIEJSCE Gdynia i zatoka Gda\u0144ska TRYB KURSU Rejs 3-dniowy lub tygodniowy CENA Ustalana indywidualnie\u200b *cena nie zawiera wy\u017cywienia * rabat w przypadku zg\u0142oszenia grupy ZOBACZ, JAK WYGL\u0104DAJ\u0104 NASZE KURSY","og_url":"https:\/\/matsail.com.pl\/index.php\/kursy\/szkolenie-kapitanskie\/","og_site_name":"MatSail","article_modified_time":"2024-02-16T14:45:22+00:00","twitter_card":"summary_large_image","twitter_misc":{"Szacowany czas czytania":"1 minuta"},"schema":{"@context":"https:\/\/schema.org","@graph":[{"@type":"WebPage","@id":"https:\/\/matsail.com.pl\/index.php\/kursy\/szkolenie-kapitanskie\/","url":"https:\/\/matsail.com.pl\/index.php\/kursy\/szkolenie-kapitanskie\/","name":"Szkolenie kapita\u0144skie - MatSail","isPartOf":{"@id":"https:\/\/matsail.com.pl\/#website"},"datePublished":"2024-01-25T10:01:42+00:00","dateModified":"2024-02-16T14:45:22+00:00","breadcrumb":{"@id":"https:\/\/matsail.com.pl\/index.php\/kursy\/szkolenie-kapitanskie\/#breadcrumb"},"inLanguage":"pl-PL","potentialAction":[{"@type":"ReadAction","target":["https:\/\/matsail.com.pl\/index.php\/kursy\/szkolenie-kapitanskie\/"]}]},{"@type":"BreadcrumbList","@id":"https:\/\/matsail.com.pl\/index.php\/kursy\/szkolenie-kapitanskie\/#breadcrumb","itemListElement":[{"@type":"ListItem","position":1,"name":"Strona g\u0142\u00f3wna","item":"https:\/\/matsail.com.pl\/"},{"@type":"ListItem","position":2,"name":"Kursy","item":"https:\/\/matsail.com.pl\/index.php\/kursy\/"},{"@type":"ListItem","position":3,"name":"Szkolenie kapita\u0144skie"}]},{"@type":"WebSite","@id":"https:\/\/matsail.com.pl\/#website","url":"https:\/\/matsail.com.pl\/","name":"MatSail","description":"","potentialAction":[{"@type":"SearchAction","target":{"@type":"EntryPoint","urlTemplate":"https:\/\/matsail.com.pl\/?s={search_term_string}"},"query-input":{"@type":"PropertyValueSpecification","valueRequired":true,"valueName":"search_term_string"}}],"inLanguage":"pl-PL"}]}},"_links":{"self":[{"href":"https:\/\/matsail.com.pl\/index.php\/wp-json\/wp\/v2\/pages\/1974","targetHints":{"allow":["GET"]}}],"collection":[{"href":"https:\/\/matsail.com.pl\/index.php\/wp-json\/wp\/v2\/pages"}],"about":[{"href":"https:\/\/matsail.com.pl\/index.php\/wp-json\/wp\/v2\/types\/page"}],"author":[{"embeddable":true,"href":"https:\/\/matsail.com.pl\/index.php\/wp-json\/wp\/v2\/users\/1"}],"replies":[{"embeddable":true,"href":"https:\/\/matsail.com.pl\/index.php\/wp-json\/wp\/v2\/comments?post=1974"}],"version-history":[{"count":30,"href":"https:\/\/matsail.com.pl\/index.php\/wp-json\/wp\/v2\/pages\/1974\/revisions"}],"predecessor-version":[{"id":3452,"href":"https:\/\/matsail.com.pl\/index.php\/wp-json\/wp\/v2\/pages\/1974\/revisions\/3452"}],"up":[{"embeddable":true,"href":"https:\/\/matsail.com.pl\/index.php\/wp-json\/wp\/v2\/pages\/1863"}],"wp:attachment":[{"href":"https:\/\/matsail.com.pl\/index.php\/wp-json\/wp\/v2\/media?parent=1974"}],"curies":[{"name":"wp","href":"https:\/\/api.w.org\/{rel}","templated":true}]}}