{"id":1937,"date":"2024-01-25T10:55:54","date_gmt":"2024-01-25T10:55:54","guid":{"rendered":"https:\/\/matsail.com.pl\/?page_id=1937"},"modified":"2024-02-28T08:45:31","modified_gmt":"2024-02-28T08:45:31","slug":"blog","status":"publish","type":"page","link":"https:\/\/matsail.com.pl\/index.php\/blog\/","title":{"rendered":"Blog"},"content":{"rendered":"\t\t<div data-elementor-type=\"wp-page\" data-elementor-id=\"1937\" class=\"elementor elementor-1937\">\n\t\t\t\t\t\t<section class=\"elementor-section elementor-top-section elementor-element elementor-element-6c785d8c elementor-section-boxed elementor-section-height-default elementor-section-height-default wpr-particle-no wpr-jarallax-no wpr-parallax-no wpr-sticky-section-no wpr-equal-height-no\" data-id=\"6c785d8c\" data-element_type=\"section\" data-e-type=\"section\" data-settings=\"{&quot;background_background&quot;:&quot;classic&quot;}\">\n\t\t\t\t\t\t\t<div class=\"elementor-background-overlay\"><\/div>\n\t\t\t\t\t\t\t<div class=\"elementor-container elementor-column-gap-default\">\n\t\t\t\t\t<div class=\"elementor-column elementor-col-100 elementor-top-column elementor-element elementor-element-6b0778d5\" data-id=\"6b0778d5\" data-element_type=\"column\" data-e-type=\"column\">\n\t\t\t<div class=\"elementor-widget-wrap elementor-element-populated\">\n\t\t\t\t\t\t<div class=\"elementor-element elementor-element-6c15d4c2 elementor-widget elementor-widget-heading\" data-id=\"6c15d4c2\" data-element_type=\"widget\" data-e-type=\"widget\" data-widget_type=\"heading.default\">\n\t\t\t\t<div class=\"elementor-widget-container\">\n\t\t\t\t\t<h2 class=\"elementor-heading-title elementor-size-default\">Blog<\/h2>\t\t\t\t<\/div>\n\t\t\t\t<\/div>\n\t\t\t\t\t<\/div>\n\t\t<\/div>\n\t\t\t\t\t<\/div>\n\t\t<\/section>\n\t\t\t\t<section class=\"elementor-section elementor-top-section elementor-element elementor-element-4e52e5eb elementor-section-boxed elementor-section-height-default elementor-section-height-default wpr-particle-no wpr-jarallax-no wpr-parallax-no wpr-sticky-section-no wpr-equal-height-no\" data-id=\"4e52e5eb\" data-element_type=\"section\" data-e-type=\"section\">\n\t\t\t\t\t\t<div class=\"elementor-container elementor-column-gap-default\">\n\t\t\t\t\t<div class=\"elementor-column elementor-col-100 elementor-top-column elementor-element elementor-element-2fc2b94b\" data-id=\"2fc2b94b\" data-element_type=\"column\" data-e-type=\"column\">\n\t\t\t<div class=\"elementor-widget-wrap elementor-element-populated\">\n\t\t\t\t\t\t<div class=\"elementor-element elementor-element-f586e59 wpr-grid-columns-3 wpr-grid-columns--laptop3 wpr-grid-columns--tablet2 wpr-grid-columns--mobile1 wpr-grid-pagination-center wpr-item-styles-inner elementor-widget elementor-widget-wpr-grid\" data-id=\"f586e59\" data-element_type=\"widget\" data-e-type=\"widget\" data-widget_type=\"wpr-grid.default\">\n\t\t\t\t<div class=\"elementor-widget-container\">\n\t\t\t\t\t<ul class=\"wpr-grid-filters elementor-clearfix wpr-grid-filters-sep-right\"><li class=\" wpr-pointer-none wpr-pointer-line-fx wpr-pointer-fx-none\"><span   data-ajax-filter=[\"category\",\"content-creation\"]  data-filter=\".category-content-creation\">Content Creation<\/span><em class=\"wpr-grid-filters-sep\"><\/em><\/li><li class=\" wpr-pointer-none wpr-pointer-line-fx wpr-pointer-fx-none wpr-hidden-element\"><span   data-ajax-filter=[\"category\",\"graphic-design\"]  data-filter=\".category-graphic-design\">Graphic Design<\/span><em class=\"wpr-grid-filters-sep\"><\/em><\/li><li class=\" wpr-pointer-none wpr-pointer-line-fx wpr-pointer-fx-none\"><span   data-ajax-filter=[\"category\",\"seo\"]  data-filter=\".category-seo\">SEO<\/span><em class=\"wpr-grid-filters-sep\"><\/em><\/li><li class=\" wpr-pointer-none wpr-pointer-line-fx wpr-pointer-fx-none wpr-hidden-element\"><span   data-ajax-filter=[\"category\",\"web-design\"]  data-filter=\".category-web-design\">Web Design<\/span><em class=\"wpr-grid-filters-sep\"><\/em><\/li><\/ul><section class=\"wpr-grid elementor-clearfix\" data-settings=\"{&quot;layout&quot;:&quot;fitRows&quot;,&quot;stick_last_element_to_bottom&quot;:&quot;&quot;,&quot;columns_desktop&quot;:&quot;3&quot;,&quot;gutter_hr&quot;:30,&quot;gutter_hr_mobile&quot;:30,&quot;gutter_hr_mobile_extra&quot;:30,&quot;gutter_hr_tablet&quot;:30,&quot;gutter_hr_tablet_extra&quot;:30,&quot;gutter_hr_laptop&quot;:30,&quot;gutter_hr_widescreen&quot;:30,&quot;gutter_vr&quot;:40,&quot;gutter_vr_mobile&quot;:40,&quot;gutter_vr_mobile_extra&quot;:40,&quot;gutter_vr_tablet&quot;:40,&quot;gutter_vr_tablet_extra&quot;:40,&quot;gutter_vr_laptop&quot;:40,&quot;gutter_vr_widescreen&quot;:40,&quot;animation&quot;:&quot;default&quot;,&quot;animation_duration&quot;:0.3,&quot;animation_delay&quot;:0.1,&quot;deeplinking&quot;:&quot;&quot;,&quot;filters_linkable&quot;:&quot;no&quot;,&quot;filters_default_filter&quot;:&quot;&quot;,&quot;filters_count&quot;:&quot;&quot;,&quot;filters_hide_empty&quot;:&quot;yes&quot;,&quot;filters_animation&quot;:&quot;default&quot;,&quot;filters_animation_duration&quot;:0.3,&quot;filters_animation_delay&quot;:0.1,&quot;pagination_type&quot;:&quot;load-more&quot;,&quot;pagination_max_pages&quot;:1,&quot;lightbox&quot;:{&quot;selector&quot;:&quot;.wpr-grid-image-wrap&quot;,&quot;iframeMaxWidth&quot;:&quot;60%&quot;,&quot;hash&quot;:false,&quot;autoplay&quot;:&quot;true&quot;,&quot;pause&quot;:5000,&quot;progressBar&quot;:&quot;true&quot;,&quot;counter&quot;:&quot;&quot;,&quot;controls&quot;:&quot;true&quot;,&quot;getCaptionFromTitleOrAlt&quot;:&quot;true&quot;,&quot;thumbnail&quot;:&quot;&quot;,&quot;showThumbByDefault&quot;:&quot;&quot;,&quot;share&quot;:&quot;&quot;,&quot;zoom&quot;:&quot;true&quot;,&quot;fullScreen&quot;:&quot;true&quot;,&quot;download&quot;:&quot;true&quot;}}\" data-advanced-filters=\"no\"><article class=\"wpr-grid-item elementor-clearfix post-469 post type-post status-publish format-standard has-post-thumbnail hentry category-content-creation category-seo tag-rodzina tag-rodzinny-wypad tag-wyprawa tag-zeglowanie\"><div class=\"wpr-grid-item-inner\"><div class=\"wpr-grid-media-wrap wpr-effect-size-medium \" data-overlay-link=\"yes\"><div class=\"wpr-grid-image-wrap\" data-src=\"https:\/\/matsail.com.pl\/wp-content\/uploads\/2024\/01\/IMG_5990-e1708963505320.jpeg\" data-img-on-hover=\"\"  data-src-secondary=\"\"><img decoding=\"async\" data-no-lazy=\"1\" src=\"https:\/\/matsail.com.pl\/wp-content\/uploads\/2024\/01\/IMG_5990-e1708963505320.jpeg\" alt=\"Rodzinny dzie\u0144 nad wod\u0105\" class=\"wpr-anim-timing-ease-default\"><\/div><div class=\"wpr-grid-media-hover wpr-animation-wrap\"><div class=\"wpr-grid-media-hover-bg  wpr-overlay-fade-in wpr-anim-size-large wpr-anim-timing-ease-default wpr-anim-transparency\" data-url=\"https:\/\/matsail.com.pl\/index.php\/2023\/08\/21\/rodzinny-dzien-nad-woda\/\"><\/div><\/div><\/div><div class=\"wpr-grid-item-below-content elementor-clearfix\"><h2 class=\"wpr-grid-item-title elementor-repeater-item-d3e1031 wpr-grid-item-display-block wpr-grid-item-align-left wpr-pointer-none wpr-pointer-line-fx wpr-pointer-fx-fade\"><div class=\"inner-block\"><a target=\"_self\"  href=\"https:\/\/matsail.com.pl\/index.php\/2023\/08\/21\/rodzinny-dzien-nad-woda\/\">Rodzinny dzie\u0144 nad wod\u0105<\/a><\/div><\/h2><div class=\"wpr-grid-item-read-more elementor-repeater-item-f476104 wpr-grid-item-display-block wpr-grid-item-align-left\"><div class=\"inner-block\"><a target=\"_self\" href=\"https:\/\/matsail.com.pl\/index.php\/2023\/08\/21\/rodzinny-dzien-nad-woda\/\" class=\"wpr-button-effect wpr-button-none\"><span>Czytaj wi\u0119cej<\/span><\/a><\/div><\/div><\/div><\/div><\/article><\/section>\t\t\t\t<\/div>\n\t\t\t\t<\/div>\n\t\t\t\t\t<\/div>\n\t\t<\/div>\n\t\t\t\t\t<\/div>\n\t\t<\/section>\n\t\t\t\t<\/div>\n\t\t","protected":false},"excerpt":{"rendered":"<p>Blog Content Creation SEO Rodzinny dzie\u0144 nad wod\u0105 Czytaj wi\u0119cej<\/p>\n","protected":false},"author":1,"featured_media":0,"parent":0,"menu_order":0,"comment_status":"closed","ping_status":"closed","template":"elementor_header_footer","meta":{"footnotes":""},"class_list":["post-1937","page","type-page","status-publish","hentry"],"yoast_head":"<!-- This site is optimized with the Yoast SEO plugin v27.4 - https:\/\/yoast.com\/product\/yoast-seo-wordpress\/ -->\n<title>Blog - MatSail<\/title>\n<meta name=\"robots\" content=\"index, follow, max-snippet:-1, max-image-preview:large, max-video-preview:-1\" \/>\n<link rel=\"canonical\" href=\"https:\/\/matsail.com.pl\/index.php\/blog\/\" \/>\n<meta property=\"og:locale\" content=\"pl_PL\" \/>\n<meta property=\"og:type\" content=\"article\" \/>\n<meta property=\"og:title\" content=\"Blog - MatSail\" \/>\n<meta property=\"og:description\" content=\"Blog Content Creation SEO Rodzinny dzie\u0144 nad wod\u0105 Czytaj wi\u0119cej\" \/>\n<meta property=\"og:url\" content=\"https:\/\/matsail.com.pl\/index.php\/blog\/\" \/>\n<meta property=\"og:site_name\" content=\"MatSail\" \/>\n<meta property=\"article:modified_time\" content=\"2024-02-28T08:45:31+00:00\" \/>\n<meta property=\"og:image\" content=\"https:\/\/matsail.com.pl\/wp-content\/uploads\/2024\/01\/IMG_5990-e1708963505320.jpeg\" \/>\n<meta name=\"twitter:card\" content=\"summary_large_image\" \/>\n<meta name=\"twitter:label1\" content=\"Szacowany czas czytania\" \/>\n\t<meta name=\"twitter:data1\" content=\"1 minuta\" \/>\n<script type=\"application\/ld+json\" class=\"yoast-schema-graph\">{\"@context\":\"https:\\\/\\\/schema.org\",\"@graph\":[{\"@type\":\"WebPage\",\"@id\":\"https:\\\/\\\/matsail.com.pl\\\/index.php\\\/blog\\\/\",\"url\":\"https:\\\/\\\/matsail.com.pl\\\/index.php\\\/blog\\\/\",\"name\":\"Blog - MatSail\",\"isPartOf\":{\"@id\":\"https:\\\/\\\/matsail.com.pl\\\/#website\"},\"primaryImageOfPage\":{\"@id\":\"https:\\\/\\\/matsail.com.pl\\\/index.php\\\/blog\\\/#primaryimage\"},\"image\":{\"@id\":\"https:\\\/\\\/matsail.com.pl\\\/index.php\\\/blog\\\/#primaryimage\"},\"thumbnailUrl\":\"https:\\\/\\\/matsail.com.pl\\\/wp-content\\\/uploads\\\/2024\\\/01\\\/IMG_5990-e1708963505320.jpeg\",\"datePublished\":\"2024-01-25T10:55:54+00:00\",\"dateModified\":\"2024-02-28T08:45:31+00:00\",\"breadcrumb\":{\"@id\":\"https:\\\/\\\/matsail.com.pl\\\/index.php\\\/blog\\\/#breadcrumb\"},\"inLanguage\":\"pl-PL\",\"potentialAction\":[{\"@type\":\"ReadAction\",\"target\":[\"https:\\\/\\\/matsail.com.pl\\\/index.php\\\/blog\\\/\"]}]},{\"@type\":\"ImageObject\",\"inLanguage\":\"pl-PL\",\"@id\":\"https:\\\/\\\/matsail.com.pl\\\/index.php\\\/blog\\\/#primaryimage\",\"url\":\"https:\\\/\\\/matsail.com.pl\\\/wp-content\\\/uploads\\\/2024\\\/01\\\/IMG_5990-e1708963505320.jpeg\",\"contentUrl\":\"https:\\\/\\\/matsail.com.pl\\\/wp-content\\\/uploads\\\/2024\\\/01\\\/IMG_5990-e1708963505320.jpeg\",\"width\":811,\"height\":811},{\"@type\":\"BreadcrumbList\",\"@id\":\"https:\\\/\\\/matsail.com.pl\\\/index.php\\\/blog\\\/#breadcrumb\",\"itemListElement\":[{\"@type\":\"ListItem\",\"position\":1,\"name\":\"Strona g\u0142\u00f3wna\",\"item\":\"https:\\\/\\\/matsail.com.pl\\\/\"},{\"@type\":\"ListItem\",\"position\":2,\"name\":\"Blog\"}]},{\"@type\":\"WebSite\",\"@id\":\"https:\\\/\\\/matsail.com.pl\\\/#website\",\"url\":\"https:\\\/\\\/matsail.com.pl\\\/\",\"name\":\"MatSail\",\"description\":\"\",\"potentialAction\":[{\"@type\":\"SearchAction\",\"target\":{\"@type\":\"EntryPoint\",\"urlTemplate\":\"https:\\\/\\\/matsail.com.pl\\\/?s={search_term_string}\"},\"query-input\":{\"@type\":\"PropertyValueSpecification\",\"valueRequired\":true,\"valueName\":\"search_term_string\"}}],\"inLanguage\":\"pl-PL\"}]}<\/script>\n<!-- \/ Yoast SEO plugin. -->","yoast_head_json":{"title":"Blog - MatSail","robots":{"index":"index","follow":"follow","max-snippet":"max-snippet:-1","max-image-preview":"max-image-preview:large","max-video-preview":"max-video-preview:-1"},"canonical":"https:\/\/matsail.com.pl\/index.php\/blog\/","og_locale":"pl_PL","og_type":"article","og_title":"Blog - MatSail","og_description":"Blog Content Creation SEO Rodzinny dzie\u0144 nad wod\u0105 Czytaj wi\u0119cej","og_url":"https:\/\/matsail.com.pl\/index.php\/blog\/","og_site_name":"MatSail","article_modified_time":"2024-02-28T08:45:31+00:00","og_image":[{"url":"https:\/\/matsail.com.pl\/wp-content\/uploads\/2024\/01\/IMG_5990-e1708963505320.jpeg","type":"","width":"","height":""}],"twitter_card":"summary_large_image","twitter_misc":{"Szacowany czas czytania":"1 minuta"},"schema":{"@context":"https:\/\/schema.org","@graph":[{"@type":"WebPage","@id":"https:\/\/matsail.com.pl\/index.php\/blog\/","url":"https:\/\/matsail.com.pl\/index.php\/blog\/","name":"Blog - MatSail","isPartOf":{"@id":"https:\/\/matsail.com.pl\/#website"},"primaryImageOfPage":{"@id":"https:\/\/matsail.com.pl\/index.php\/blog\/#primaryimage"},"image":{"@id":"https:\/\/matsail.com.pl\/index.php\/blog\/#primaryimage"},"thumbnailUrl":"https:\/\/matsail.com.pl\/wp-content\/uploads\/2024\/01\/IMG_5990-e1708963505320.jpeg","datePublished":"2024-01-25T10:55:54+00:00","dateModified":"2024-02-28T08:45:31+00:00","breadcrumb":{"@id":"https:\/\/matsail.com.pl\/index.php\/blog\/#breadcrumb"},"inLanguage":"pl-PL","potentialAction":[{"@type":"ReadAction","target":["https:\/\/matsail.com.pl\/index.php\/blog\/"]}]},{"@type":"ImageObject","inLanguage":"pl-PL","@id":"https:\/\/matsail.com.pl\/index.php\/blog\/#primaryimage","url":"https:\/\/matsail.com.pl\/wp-content\/uploads\/2024\/01\/IMG_5990-e1708963505320.jpeg","contentUrl":"https:\/\/matsail.com.pl\/wp-content\/uploads\/2024\/01\/IMG_5990-e1708963505320.jpeg","width":811,"height":811},{"@type":"BreadcrumbList","@id":"https:\/\/matsail.com.pl\/index.php\/blog\/#breadcrumb","itemListElement":[{"@type":"ListItem","position":1,"name":"Strona g\u0142\u00f3wna","item":"https:\/\/matsail.com.pl\/"},{"@type":"ListItem","position":2,"name":"Blog"}]},{"@type":"WebSite","@id":"https:\/\/matsail.com.pl\/#website","url":"https:\/\/matsail.com.pl\/","name":"MatSail","description":"","potentialAction":[{"@type":"SearchAction","target":{"@type":"EntryPoint","urlTemplate":"https:\/\/matsail.com.pl\/?s={search_term_string}"},"query-input":{"@type":"PropertyValueSpecification","valueRequired":true,"valueName":"search_term_string"}}],"inLanguage":"pl-PL"}]}},"_links":{"self":[{"href":"https:\/\/matsail.com.pl\/index.php\/wp-json\/wp\/v2\/pages\/1937","targetHints":{"allow":["GET"]}}],"collection":[{"href":"https:\/\/matsail.com.pl\/index.php\/wp-json\/wp\/v2\/pages"}],"about":[{"href":"https:\/\/matsail.com.pl\/index.php\/wp-json\/wp\/v2\/types\/page"}],"author":[{"embeddable":true,"href":"https:\/\/matsail.com.pl\/index.php\/wp-json\/wp\/v2\/users\/1"}],"replies":[{"embeddable":true,"href":"https:\/\/matsail.com.pl\/index.php\/wp-json\/wp\/v2\/comments?post=1937"}],"version-history":[{"count":49,"href":"https:\/\/matsail.com.pl\/index.php\/wp-json\/wp\/v2\/pages\/1937\/revisions"}],"predecessor-version":[{"id":3925,"href":"https:\/\/matsail.com.pl\/index.php\/wp-json\/wp\/v2\/pages\/1937\/revisions\/3925"}],"wp:attachment":[{"href":"https:\/\/matsail.com.pl\/index.php\/wp-json\/wp\/v2\/media?parent=1937"}],"curies":[{"name":"wp","href":"https:\/\/api.w.org\/{rel}","templated":true}]}}