{"id":1865,"date":"2024-01-24T23:39:07","date_gmt":"2024-01-24T23:39:07","guid":{"rendered":"https:\/\/matsail.com.pl\/?page_id=1865"},"modified":"2024-02-27T09:56:32","modified_gmt":"2024-02-27T09:56:32","slug":"imprezy-firmowe","status":"publish","type":"page","link":"https:\/\/matsail.com.pl\/index.php\/eventy\/imprezy-firmowe\/","title":{"rendered":"Imprezy firmowe"},"content":{"rendered":"\t\t<div data-elementor-type=\"wp-page\" data-elementor-id=\"1865\" class=\"elementor elementor-1865\">\n\t\t\t\t\t\t<section class=\"elementor-section elementor-top-section elementor-element elementor-element-2930750 elementor-section-boxed elementor-section-height-default elementor-section-height-default wpr-particle-no wpr-jarallax-no wpr-parallax-no wpr-sticky-section-no wpr-equal-height-no\" data-id=\"2930750\" data-element_type=\"section\" data-e-type=\"section\" data-settings=\"{&quot;background_background&quot;:&quot;classic&quot;}\">\n\t\t\t\t\t\t\t<div class=\"elementor-background-overlay\"><\/div>\n\t\t\t\t\t\t\t<div class=\"elementor-container elementor-column-gap-default\">\n\t\t\t\t\t<div class=\"elementor-column elementor-col-100 elementor-top-column elementor-element elementor-element-924e8cb\" data-id=\"924e8cb\" data-element_type=\"column\" data-e-type=\"column\">\n\t\t\t<div class=\"elementor-widget-wrap elementor-element-populated\">\n\t\t\t\t\t\t<div class=\"elementor-element elementor-element-5d38e32 elementor-widget elementor-widget-heading\" data-id=\"5d38e32\" data-element_type=\"widget\" data-e-type=\"widget\" data-widget_type=\"heading.default\">\n\t\t\t\t<div class=\"elementor-widget-container\">\n\t\t\t\t\t<h2 class=\"elementor-heading-title elementor-size-default\">Imprezy firmowe<\/h2>\t\t\t\t<\/div>\n\t\t\t\t<\/div>\n\t\t\t\t\t<\/div>\n\t\t<\/div>\n\t\t\t\t\t<\/div>\n\t\t<\/section>\n\t\t\t\t<section class=\"elementor-section elementor-top-section elementor-element elementor-element-6a6cfdc elementor-section-content-top elementor-reverse-mobile elementor-section-boxed elementor-section-height-default elementor-section-height-default wpr-particle-no wpr-jarallax-no wpr-parallax-no wpr-sticky-section-no wpr-equal-height-no\" data-id=\"6a6cfdc\" data-element_type=\"section\" data-e-type=\"section\">\n\t\t\t\t\t\t<div class=\"elementor-container elementor-column-gap-no\">\n\t\t\t\t\t<div class=\"elementor-column elementor-col-100 elementor-top-column elementor-element elementor-element-c534b1b\" data-id=\"c534b1b\" data-element_type=\"column\" data-e-type=\"column\">\n\t\t\t<div class=\"elementor-widget-wrap elementor-element-populated\">\n\t\t\t\t\t\t<section class=\"elementor-section elementor-inner-section elementor-element elementor-element-6257e39 elementor-section-boxed elementor-section-height-default elementor-section-height-default wpr-particle-no wpr-jarallax-no wpr-parallax-no wpr-sticky-section-no wpr-equal-height-no\" data-id=\"6257e39\" data-element_type=\"section\" data-e-type=\"section\">\n\t\t\t\t\t\t<div class=\"elementor-container elementor-column-gap-no\">\n\t\t\t\t\t<div class=\"elementor-column elementor-col-100 elementor-inner-column elementor-element elementor-element-5e0305f\" data-id=\"5e0305f\" data-element_type=\"column\" data-e-type=\"column\">\n\t\t\t<div class=\"elementor-widget-wrap elementor-element-populated\">\n\t\t\t\t\t\t<div class=\"elementor-element elementor-element-ed0131a elementor-widget elementor-widget-heading\" data-id=\"ed0131a\" data-element_type=\"widget\" data-e-type=\"widget\" data-widget_type=\"heading.default\">\n\t\t\t\t<div class=\"elementor-widget-container\">\n\t\t\t\t\t<h2 class=\"elementor-heading-title elementor-size-default\">Zorganizuj event firmowy na luksusowym jachcie!<\/h2>\t\t\t\t<\/div>\n\t\t\t\t<\/div>\n\t\t\t\t<div class=\"elementor-element elementor-element-df4f3cd elementor-widget__width-initial elementor-widget elementor-widget-text-editor\" data-id=\"df4f3cd\" data-element_type=\"widget\" data-e-type=\"widget\" data-settings=\"{&quot;_animation&quot;:&quot;none&quot;}\" data-widget_type=\"text-editor.default\">\n\t\t\t\t<div class=\"elementor-widget-container\">\n\t\t\t\t\t\t\t\t\t<p>Szukasz ciekawego pomys\u0142u \u017ceby zintegrowa\u0107 swoich pracownik\u00f3w? Nasza oferta eventowa skierowana jest w\u0142a\u015bnie dla Ciebie! Organizujemy wszelkiego rodzaju eventy sportowe i rekreacyjne zwi\u0105zane z wod\u0105 oraz sportami wodnymi!<\/p><p>Niezale\u017cnie od tego, czy planujesz kameralne spotkanie biznesowe, czy nieformaln\u0105 integracj\u0119 zespo\u0142u, nasz jacht jest idealnym miejscem na organizacj\u0119 Twojego wydarzenia, a nasza profesjonalna za\u0142oga o ka\u017cdy detal, aby\u015b m\u00f3g\u0142 skupi\u0107 si\u0119 wy\u0142\u0105cznie na cieszeniu si\u0119 czasem sp\u0119dzonym z kolegami z pracy, partnerami biznesowymi czy klientami.<\/p><p>\u00a0<\/p>\t\t\t\t\t\t\t\t<\/div>\n\t\t\t\t<\/div>\n\t\t\t\t<div class=\"elementor-element elementor-element-5c8273b elementor-widget-divider--view-line elementor-widget elementor-widget-divider\" data-id=\"5c8273b\" data-element_type=\"widget\" data-e-type=\"widget\" data-widget_type=\"divider.default\">\n\t\t\t\t<div class=\"elementor-widget-container\">\n\t\t\t\t\t\t\t<div class=\"elementor-divider\">\n\t\t\t<span class=\"elementor-divider-separator\">\n\t\t\t\t\t\t<\/span>\n\t\t<\/div>\n\t\t\t\t\t\t<\/div>\n\t\t\t\t<\/div>\n\t\t\t\t<div class=\"elementor-element elementor-element-f52d318 elementor-widget elementor-widget-heading\" data-id=\"f52d318\" data-element_type=\"widget\" data-e-type=\"widget\" data-widget_type=\"heading.default\">\n\t\t\t\t<div class=\"elementor-widget-container\">\n\t\t\t\t\t<h2 class=\"elementor-heading-title elementor-size-default\">Dodatkowo mo\u017cemy przygotowa\u0107<\/h2>\t\t\t\t<\/div>\n\t\t\t\t<\/div>\n\t\t\t\t<div class=\"elementor-element elementor-element-37a61c3 elementor-icon-list--layout-inline elementor-align-start elementor-list-item-link-full_width elementor-widget elementor-widget-icon-list\" data-id=\"37a61c3\" data-element_type=\"widget\" data-e-type=\"widget\" data-settings=\"{&quot;_animation&quot;:&quot;none&quot;}\" data-widget_type=\"icon-list.default\">\n\t\t\t\t<div class=\"elementor-widget-container\">\n\t\t\t\t\t\t\t<ul class=\"elementor-icon-list-items elementor-inline-items\">\n\t\t\t\t\t\t\t<li class=\"elementor-icon-list-item elementor-inline-item\">\n\t\t\t\t\t\t\t\t\t\t<span class=\"elementor-icon-list-text\">Catering<\/span>\n\t\t\t\t\t\t\t\t\t<\/li>\n\t\t\t\t\t\t\t\t<li class=\"elementor-icon-list-item elementor-inline-item\">\n\t\t\t\t\t\t\t\t\t\t<span class=\"elementor-icon-list-text\">Przek\u0105ski<\/span>\n\t\t\t\t\t\t\t\t\t<\/li>\n\t\t\t\t\t\t\t\t<li class=\"elementor-icon-list-item elementor-inline-item\">\n\t\t\t\t\t\t\t\t\t\t<span class=\"elementor-icon-list-text\">Fotograf<\/span>\n\t\t\t\t\t\t\t\t\t<\/li>\n\t\t\t\t\t\t\t\t<li class=\"elementor-icon-list-item elementor-inline-item\">\n\t\t\t\t\t\t\t\t\t\t<span class=\"elementor-icon-list-text\">Ozdoby<\/span>\n\t\t\t\t\t\t\t\t\t<\/li>\n\t\t\t\t\t\t<\/ul>\n\t\t\t\t\t\t<\/div>\n\t\t\t\t<\/div>\n\t\t\t\t<div class=\"elementor-element elementor-element-3ca476c elementor-widget-divider--view-line elementor-widget elementor-widget-divider\" data-id=\"3ca476c\" data-element_type=\"widget\" data-e-type=\"widget\" data-widget_type=\"divider.default\">\n\t\t\t\t<div class=\"elementor-widget-container\">\n\t\t\t\t\t\t\t<div class=\"elementor-divider\">\n\t\t\t<span class=\"elementor-divider-separator\">\n\t\t\t\t\t\t<\/span>\n\t\t<\/div>\n\t\t\t\t\t\t<\/div>\n\t\t\t\t<\/div>\n\t\t\t\t<div class=\"elementor-element elementor-element-a3cbfe6 elementor-widget elementor-widget-heading\" data-id=\"a3cbfe6\" data-element_type=\"widget\" data-e-type=\"widget\" data-widget_type=\"heading.default\">\n\t\t\t\t<div class=\"elementor-widget-container\">\n\t\t\t\t\t<h2 class=\"elementor-heading-title elementor-size-default\">Dlaczego MatSail?<\/h2>\t\t\t\t<\/div>\n\t\t\t\t<\/div>\n\t\t\t\t<div class=\"elementor-element elementor-element-38f33d8 elementor-widget__width-initial elementor-widget elementor-widget-text-editor\" data-id=\"38f33d8\" data-element_type=\"widget\" data-e-type=\"widget\" data-settings=\"{&quot;_animation&quot;:&quot;none&quot;}\" data-widget_type=\"text-editor.default\">\n\t\t\t\t<div class=\"elementor-widget-container\">\n\t\t\t\t\t\t\t\t\t<p>Z nami po\u0142\u0105czysz dobr\u0105 organizacj\u0119, profesjonaln\u0105, pe\u0142n\u0105 u\u015bmiechu i znakomitych pomys\u0142\u00f3w kadr\u0119 oraz bezpiecze\u0144stwo. P\u0142ywamy zawsze na nowym i zadbanym sprz\u0119cie! Luksus, bezpiecze\u0144stwo i wspania\u0142a zabawa?<br \/>Tylko u Nas!<\/p>\t\t\t\t\t\t\t\t<\/div>\n\t\t\t\t<\/div>\n\t\t\t\t\t<\/div>\n\t\t<\/div>\n\t\t\t\t\t<\/div>\n\t\t<\/section>\n\t\t\t\t\t<\/div>\n\t\t<\/div>\n\t\t\t\t\t<\/div>\n\t\t<\/section>\n\t\t\t\t<section class=\"elementor-section elementor-top-section elementor-element elementor-element-b3c47f5 elementor-section-full_width elementor-section-height-default elementor-section-height-default wpr-particle-no wpr-jarallax-no wpr-parallax-no wpr-sticky-section-no wpr-equal-height-no\" data-id=\"b3c47f5\" data-element_type=\"section\" data-e-type=\"section\" data-settings=\"{&quot;background_background&quot;:&quot;classic&quot;}\">\n\t\t\t\t\t\t<div class=\"elementor-container elementor-column-gap-no\">\n\t\t\t\t\t<div class=\"elementor-column elementor-col-100 elementor-top-column elementor-element elementor-element-76b985f\" data-id=\"76b985f\" data-element_type=\"column\" data-e-type=\"column\">\n\t\t\t<div class=\"elementor-widget-wrap elementor-element-populated\">\n\t\t\t\t\t\t<section class=\"elementor-section elementor-inner-section elementor-element elementor-element-7774bf6 elementor-section-boxed elementor-section-height-default elementor-section-height-default wpr-particle-no wpr-jarallax-no wpr-parallax-no wpr-sticky-section-no wpr-equal-height-no\" data-id=\"7774bf6\" data-element_type=\"section\" data-e-type=\"section\">\n\t\t\t\t\t\t<div class=\"elementor-container elementor-column-gap-default\">\n\t\t\t\t\t<div class=\"elementor-column elementor-col-100 elementor-inner-column elementor-element elementor-element-d1131ba animated-slow\" data-id=\"d1131ba\" data-element_type=\"column\" data-e-type=\"column\" data-settings=\"{&quot;animation&quot;:&quot;none&quot;}\">\n\t\t\t<div class=\"elementor-widget-wrap elementor-element-populated\">\n\t\t\t\t\t\t<div class=\"elementor-element elementor-element-ef49a29 elementor-invisible elementor-widget elementor-widget-heading\" data-id=\"ef49a29\" data-element_type=\"widget\" data-e-type=\"widget\" data-settings=\"{&quot;_animation&quot;:&quot;fadeIn&quot;}\" data-widget_type=\"heading.default\">\n\t\t\t\t<div class=\"elementor-widget-container\">\n\t\t\t\t\t<h2 class=\"elementor-heading-title elementor-size-default\">ZOBACZ, JAK WYGL\u0104DAJ\u0104 NASZE\n<\/h2>\t\t\t\t<\/div>\n\t\t\t\t<\/div>\n\t\t\t\t<div class=\"elementor-element elementor-element-e5c62fb elementor-invisible elementor-widget elementor-widget-heading\" data-id=\"e5c62fb\" data-element_type=\"widget\" data-e-type=\"widget\" data-settings=\"{&quot;_animation&quot;:&quot;fadeIn&quot;,&quot;_animation_delay&quot;:300}\" data-widget_type=\"heading.default\">\n\t\t\t\t<div class=\"elementor-widget-container\">\n\t\t\t\t\t<h2 class=\"elementor-heading-title elementor-size-default\">EVENTY<\/h2>\t\t\t\t<\/div>\n\t\t\t\t<\/div>\n\t\t\t\t\t<\/div>\n\t\t<\/div>\n\t\t\t\t\t<\/div>\n\t\t<\/section>\n\t\t\t\t<section class=\"elementor-section elementor-inner-section elementor-element elementor-element-c71d479 elementor-section-boxed elementor-section-height-default elementor-section-height-default wpr-particle-no wpr-jarallax-no wpr-parallax-no wpr-sticky-section-no wpr-equal-height-no\" data-id=\"c71d479\" data-element_type=\"section\" data-e-type=\"section\" data-settings=\"{&quot;animation&quot;:&quot;none&quot;,&quot;animation_delay&quot;:300}\">\n\t\t\t\t\t\t<div class=\"elementor-container elementor-column-gap-default\">\n\t\t\t\t\t<div class=\"elementor-column elementor-col-33 elementor-inner-column elementor-element elementor-element-c6e08bc\" data-id=\"c6e08bc\" data-element_type=\"column\" data-e-type=\"column\" data-settings=\"{&quot;background_background&quot;:&quot;classic&quot;}\">\n\t\t\t<div class=\"elementor-widget-wrap elementor-element-populated\">\n\t\t\t\t<div class=\"elementor-element elementor-element-ce8cc79 e-con-full e-flex wpr-particle-no wpr-jarallax-no wpr-parallax-no wpr-sticky-section-no wpr-equal-height-no e-con e-parent\" data-id=\"ce8cc79\" data-element_type=\"container\" data-e-type=\"container\" data-settings=\"{&quot;background_background&quot;:&quot;classic&quot;}\">\n\t\t\t\t<\/div>\n\t\t\t\t\t<\/div>\n\t\t<\/div>\n\t\t\t\t<div class=\"elementor-column elementor-col-33 elementor-inner-column elementor-element elementor-element-e7293dd\" data-id=\"e7293dd\" data-element_type=\"column\" data-e-type=\"column\">\n\t\t\t<div class=\"elementor-widget-wrap elementor-element-populated\">\n\t\t\t\t<div class=\"elementor-element elementor-element-8ce05d4 e-flex e-con-boxed wpr-particle-no wpr-jarallax-no wpr-parallax-no wpr-sticky-section-no wpr-equal-height-no e-con e-parent\" data-id=\"8ce05d4\" data-element_type=\"container\" data-e-type=\"container\" data-settings=\"{&quot;background_background&quot;:&quot;classic&quot;}\">\n\t\t\t\t\t<div class=\"e-con-inner\">\n\t\t\t\t\t<\/div>\n\t\t\t\t<\/div>\n\t\t<div class=\"elementor-element elementor-element-52ed4c7 e-flex e-con-boxed wpr-particle-no wpr-jarallax-no wpr-parallax-no wpr-sticky-section-no wpr-equal-height-no e-con e-parent\" data-id=\"52ed4c7\" data-element_type=\"container\" data-e-type=\"container\" data-settings=\"{&quot;background_background&quot;:&quot;classic&quot;}\">\n\t\t\t\t\t<div class=\"e-con-inner\">\n\t\t\t\t\t<\/div>\n\t\t\t\t<\/div>\n\t\t\t\t\t<\/div>\n\t\t<\/div>\n\t\t\t\t<div class=\"elementor-column elementor-col-33 elementor-inner-column elementor-element elementor-element-1f60c90 elementor-hidden-mobile\" data-id=\"1f60c90\" data-element_type=\"column\" data-e-type=\"column\" data-settings=\"{&quot;background_background&quot;:&quot;classic&quot;}\">\n\t\t\t<div class=\"elementor-widget-wrap elementor-element-populated\">\n\t\t\t\t<div class=\"elementor-element elementor-element-7417cc6 e-con-full e-flex wpr-particle-no wpr-jarallax-no wpr-parallax-no wpr-sticky-section-no wpr-equal-height-no e-con e-parent\" data-id=\"7417cc6\" data-element_type=\"container\" data-e-type=\"container\" data-settings=\"{&quot;background_background&quot;:&quot;classic&quot;}\">\n\t\t\t\t<\/div>\n\t\t\t\t\t<\/div>\n\t\t<\/div>\n\t\t\t\t\t<\/div>\n\t\t<\/section>\n\t\t\t\t\t<\/div>\n\t\t<\/div>\n\t\t\t\t\t<\/div>\n\t\t<\/section>\n\t\t\t\t<\/div>\n\t\t","protected":false},"excerpt":{"rendered":"<p>Imprezy firmowe Zorganizuj event firmowy na luksusowym jachcie! Szukasz ciekawego pomys\u0142u \u017ceby zintegrowa\u0107 swoich pracownik\u00f3w? Nasza oferta eventowa skierowana jest w\u0142a\u015bnie dla Ciebie! Organizujemy wszelkiego rodzaju eventy sportowe i rekreacyjne zwi\u0105zane z wod\u0105 oraz sportami wodnymi! Niezale\u017cnie od tego, czy planujesz kameralne spotkanie biznesowe, czy nieformaln\u0105 integracj\u0119 zespo\u0142u, nasz jacht jest idealnym miejscem na organizacj\u0119 Twojego wydarzenia, a nasza profesjonalna za\u0142oga o ka\u017cdy detal, aby\u015b m\u00f3g\u0142 skupi\u0107 si\u0119 wy\u0142\u0105cznie na cieszeniu si\u0119 czasem sp\u0119dzonym z kolegami z pracy, partnerami biznesowymi czy klientami. \u00a0 Dodatkowo mo\u017cemy przygotowa\u0107 Catering Przek\u0105ski Fotograf Ozdoby Dlaczego MatSail? Z nami po\u0142\u0105czysz dobr\u0105 organizacj\u0119, profesjonaln\u0105, pe\u0142n\u0105 u\u015bmiechu i znakomitych pomys\u0142\u00f3w kadr\u0119 oraz bezpiecze\u0144stwo. P\u0142ywamy zawsze na nowym i zadbanym sprz\u0119cie! Luksus, bezpiecze\u0144stwo i wspania\u0142a zabawa?Tylko u Nas! ZOBACZ, JAK WYGL\u0104DAJ\u0104 NASZE EVENTY<\/p>\n","protected":false},"author":1,"featured_media":0,"parent":2904,"menu_order":0,"comment_status":"closed","ping_status":"closed","template":"elementor_canvas","meta":{"footnotes":""},"class_list":["post-1865","page","type-page","status-publish","hentry"],"yoast_head":"<!-- This site is optimized with the Yoast SEO plugin v27.4 - https:\/\/yoast.com\/product\/yoast-seo-wordpress\/ -->\n<title>Imprezy firmowe - MatSail<\/title>\n<meta name=\"robots\" content=\"index, follow, max-snippet:-1, max-image-preview:large, max-video-preview:-1\" \/>\n<link rel=\"canonical\" href=\"https:\/\/matsail.com.pl\/index.php\/eventy\/imprezy-firmowe\/\" \/>\n<meta property=\"og:locale\" content=\"pl_PL\" \/>\n<meta property=\"og:type\" content=\"article\" \/>\n<meta property=\"og:title\" content=\"Imprezy firmowe - MatSail\" \/>\n<meta property=\"og:description\" content=\"Imprezy firmowe Zorganizuj event firmowy na luksusowym jachcie! Szukasz ciekawego pomys\u0142u \u017ceby zintegrowa\u0107 swoich pracownik\u00f3w? Nasza oferta eventowa skierowana jest w\u0142a\u015bnie dla Ciebie! Organizujemy wszelkiego rodzaju eventy sportowe i rekreacyjne zwi\u0105zane z wod\u0105 oraz sportami wodnymi! Niezale\u017cnie od tego, czy planujesz kameralne spotkanie biznesowe, czy nieformaln\u0105 integracj\u0119 zespo\u0142u, nasz jacht jest idealnym miejscem na organizacj\u0119 Twojego wydarzenia, a nasza profesjonalna za\u0142oga o ka\u017cdy detal, aby\u015b m\u00f3g\u0142 skupi\u0107 si\u0119 wy\u0142\u0105cznie na cieszeniu si\u0119 czasem sp\u0119dzonym z kolegami z pracy, partnerami biznesowymi czy klientami. \u00a0 Dodatkowo mo\u017cemy przygotowa\u0107 Catering Przek\u0105ski Fotograf Ozdoby Dlaczego MatSail? Z nami po\u0142\u0105czysz dobr\u0105 organizacj\u0119, profesjonaln\u0105, pe\u0142n\u0105 u\u015bmiechu i znakomitych pomys\u0142\u00f3w kadr\u0119 oraz bezpiecze\u0144stwo. P\u0142ywamy zawsze na nowym i zadbanym sprz\u0119cie! Luksus, bezpiecze\u0144stwo i wspania\u0142a zabawa?Tylko u Nas! ZOBACZ, JAK WYGL\u0104DAJ\u0104 NASZE EVENTY\" \/>\n<meta property=\"og:url\" content=\"https:\/\/matsail.com.pl\/index.php\/eventy\/imprezy-firmowe\/\" \/>\n<meta property=\"og:site_name\" content=\"MatSail\" \/>\n<meta property=\"article:modified_time\" content=\"2024-02-27T09:56:32+00:00\" \/>\n<meta name=\"twitter:card\" content=\"summary_large_image\" \/>\n<meta name=\"twitter:label1\" content=\"Szacowany czas czytania\" \/>\n\t<meta name=\"twitter:data1\" content=\"1 minuta\" \/>\n<script type=\"application\/ld+json\" class=\"yoast-schema-graph\">{\"@context\":\"https:\\\/\\\/schema.org\",\"@graph\":[{\"@type\":\"WebPage\",\"@id\":\"https:\\\/\\\/matsail.com.pl\\\/index.php\\\/eventy\\\/imprezy-firmowe\\\/\",\"url\":\"https:\\\/\\\/matsail.com.pl\\\/index.php\\\/eventy\\\/imprezy-firmowe\\\/\",\"name\":\"Imprezy firmowe - MatSail\",\"isPartOf\":{\"@id\":\"https:\\\/\\\/matsail.com.pl\\\/#website\"},\"datePublished\":\"2024-01-24T23:39:07+00:00\",\"dateModified\":\"2024-02-27T09:56:32+00:00\",\"breadcrumb\":{\"@id\":\"https:\\\/\\\/matsail.com.pl\\\/index.php\\\/eventy\\\/imprezy-firmowe\\\/#breadcrumb\"},\"inLanguage\":\"pl-PL\",\"potentialAction\":[{\"@type\":\"ReadAction\",\"target\":[\"https:\\\/\\\/matsail.com.pl\\\/index.php\\\/eventy\\\/imprezy-firmowe\\\/\"]}]},{\"@type\":\"BreadcrumbList\",\"@id\":\"https:\\\/\\\/matsail.com.pl\\\/index.php\\\/eventy\\\/imprezy-firmowe\\\/#breadcrumb\",\"itemListElement\":[{\"@type\":\"ListItem\",\"position\":1,\"name\":\"Strona g\u0142\u00f3wna\",\"item\":\"https:\\\/\\\/matsail.com.pl\\\/\"},{\"@type\":\"ListItem\",\"position\":2,\"name\":\"Eventy\",\"item\":\"https:\\\/\\\/matsail.com.pl\\\/index.php\\\/eventy\\\/\"},{\"@type\":\"ListItem\",\"position\":3,\"name\":\"Imprezy firmowe\"}]},{\"@type\":\"WebSite\",\"@id\":\"https:\\\/\\\/matsail.com.pl\\\/#website\",\"url\":\"https:\\\/\\\/matsail.com.pl\\\/\",\"name\":\"MatSail\",\"description\":\"\",\"potentialAction\":[{\"@type\":\"SearchAction\",\"target\":{\"@type\":\"EntryPoint\",\"urlTemplate\":\"https:\\\/\\\/matsail.com.pl\\\/?s={search_term_string}\"},\"query-input\":{\"@type\":\"PropertyValueSpecification\",\"valueRequired\":true,\"valueName\":\"search_term_string\"}}],\"inLanguage\":\"pl-PL\"}]}<\/script>\n<!-- \/ Yoast SEO plugin. -->","yoast_head_json":{"title":"Imprezy firmowe - MatSail","robots":{"index":"index","follow":"follow","max-snippet":"max-snippet:-1","max-image-preview":"max-image-preview:large","max-video-preview":"max-video-preview:-1"},"canonical":"https:\/\/matsail.com.pl\/index.php\/eventy\/imprezy-firmowe\/","og_locale":"pl_PL","og_type":"article","og_title":"Imprezy firmowe - MatSail","og_description":"Imprezy firmowe Zorganizuj event firmowy na luksusowym jachcie! Szukasz ciekawego pomys\u0142u \u017ceby zintegrowa\u0107 swoich pracownik\u00f3w? Nasza oferta eventowa skierowana jest w\u0142a\u015bnie dla Ciebie! Organizujemy wszelkiego rodzaju eventy sportowe i rekreacyjne zwi\u0105zane z wod\u0105 oraz sportami wodnymi! Niezale\u017cnie od tego, czy planujesz kameralne spotkanie biznesowe, czy nieformaln\u0105 integracj\u0119 zespo\u0142u, nasz jacht jest idealnym miejscem na organizacj\u0119 Twojego wydarzenia, a nasza profesjonalna za\u0142oga o ka\u017cdy detal, aby\u015b m\u00f3g\u0142 skupi\u0107 si\u0119 wy\u0142\u0105cznie na cieszeniu si\u0119 czasem sp\u0119dzonym z kolegami z pracy, partnerami biznesowymi czy klientami. \u00a0 Dodatkowo mo\u017cemy przygotowa\u0107 Catering Przek\u0105ski Fotograf Ozdoby Dlaczego MatSail? Z nami po\u0142\u0105czysz dobr\u0105 organizacj\u0119, profesjonaln\u0105, pe\u0142n\u0105 u\u015bmiechu i znakomitych pomys\u0142\u00f3w kadr\u0119 oraz bezpiecze\u0144stwo. P\u0142ywamy zawsze na nowym i zadbanym sprz\u0119cie! Luksus, bezpiecze\u0144stwo i wspania\u0142a zabawa?Tylko u Nas! ZOBACZ, JAK WYGL\u0104DAJ\u0104 NASZE EVENTY","og_url":"https:\/\/matsail.com.pl\/index.php\/eventy\/imprezy-firmowe\/","og_site_name":"MatSail","article_modified_time":"2024-02-27T09:56:32+00:00","twitter_card":"summary_large_image","twitter_misc":{"Szacowany czas czytania":"1 minuta"},"schema":{"@context":"https:\/\/schema.org","@graph":[{"@type":"WebPage","@id":"https:\/\/matsail.com.pl\/index.php\/eventy\/imprezy-firmowe\/","url":"https:\/\/matsail.com.pl\/index.php\/eventy\/imprezy-firmowe\/","name":"Imprezy firmowe - MatSail","isPartOf":{"@id":"https:\/\/matsail.com.pl\/#website"},"datePublished":"2024-01-24T23:39:07+00:00","dateModified":"2024-02-27T09:56:32+00:00","breadcrumb":{"@id":"https:\/\/matsail.com.pl\/index.php\/eventy\/imprezy-firmowe\/#breadcrumb"},"inLanguage":"pl-PL","potentialAction":[{"@type":"ReadAction","target":["https:\/\/matsail.com.pl\/index.php\/eventy\/imprezy-firmowe\/"]}]},{"@type":"BreadcrumbList","@id":"https:\/\/matsail.com.pl\/index.php\/eventy\/imprezy-firmowe\/#breadcrumb","itemListElement":[{"@type":"ListItem","position":1,"name":"Strona g\u0142\u00f3wna","item":"https:\/\/matsail.com.pl\/"},{"@type":"ListItem","position":2,"name":"Eventy","item":"https:\/\/matsail.com.pl\/index.php\/eventy\/"},{"@type":"ListItem","position":3,"name":"Imprezy firmowe"}]},{"@type":"WebSite","@id":"https:\/\/matsail.com.pl\/#website","url":"https:\/\/matsail.com.pl\/","name":"MatSail","description":"","potentialAction":[{"@type":"SearchAction","target":{"@type":"EntryPoint","urlTemplate":"https:\/\/matsail.com.pl\/?s={search_term_string}"},"query-input":{"@type":"PropertyValueSpecification","valueRequired":true,"valueName":"search_term_string"}}],"inLanguage":"pl-PL"}]}},"_links":{"self":[{"href":"https:\/\/matsail.com.pl\/index.php\/wp-json\/wp\/v2\/pages\/1865","targetHints":{"allow":["GET"]}}],"collection":[{"href":"https:\/\/matsail.com.pl\/index.php\/wp-json\/wp\/v2\/pages"}],"about":[{"href":"https:\/\/matsail.com.pl\/index.php\/wp-json\/wp\/v2\/types\/page"}],"author":[{"embeddable":true,"href":"https:\/\/matsail.com.pl\/index.php\/wp-json\/wp\/v2\/users\/1"}],"replies":[{"embeddable":true,"href":"https:\/\/matsail.com.pl\/index.php\/wp-json\/wp\/v2\/comments?post=1865"}],"version-history":[{"count":97,"href":"https:\/\/matsail.com.pl\/index.php\/wp-json\/wp\/v2\/pages\/1865\/revisions"}],"predecessor-version":[{"id":3816,"href":"https:\/\/matsail.com.pl\/index.php\/wp-json\/wp\/v2\/pages\/1865\/revisions\/3816"}],"up":[{"embeddable":true,"href":"https:\/\/matsail.com.pl\/index.php\/wp-json\/wp\/v2\/pages\/2904"}],"wp:attachment":[{"href":"https:\/\/matsail.com.pl\/index.php\/wp-json\/wp\/v2\/media?parent=1865"}],"curies":[{"name":"wp","href":"https:\/\/api.w.org\/{rel}","templated":true}]}}